{"id":1537,"date":"2022-10-20T12:00:41","date_gmt":"2022-10-20T10:00:41","guid":{"rendered":"https:\/\/www.df.unipi.it\/didattica\/?page_id=1537"},"modified":"2026-02-28T11:03:20","modified_gmt":"2026-02-28T10:03:20","slug":"studiare-all-estero","status":"publish","type":"page","link":"https:\/\/www.df.unipi.it\/didattica\/studiare-all-estero\/","title":{"rendered":"Formazione internazionale"},"content":{"rendered":"\n<p>Il Corso di Studio riconosce che svolgere parte della formazione al di fuori del Dipartimento, in particolare presso universit\u00e0 o laboratori stranieri, rappresenta un&#8217;importante opportunit\u00e0 di crescita culturale. Per questo motivo, incoraggia tali attivit\u00e0 purch\u00e9 di alto livello e integrate in modo coerente nel percorso formativo.<\/p>\n\n\n\n<p><strong>Laurea Triennale<\/strong>. Nella pianificazione di attivit\u00e0 di mobilit\u00e0, \u00e8 importante considerare che, per la natura e l&#8217;organizzazione degli insegnamenti della Laurea Triennale, risulta tipicamente complesso inserire tali esperienze all\u2019interno del percorso formativo, se non per attivit\u00e0 di pochi crediti spesso connesse con <a href=\"https:\/\/www.df.unipi.it\/didattica\/studiare-all-estero\/scuole-estive-invernali\/\">Scuole Estive\/Invernali<\/a>.<\/p>\n\n\n\n<p><strong>Laurea Magistrale<\/strong>. Al contrario, nel percorso magistrale \u00e8 pi\u00f9 semplice strutturare percorsi formativi che includano attivit\u00e0 di mobilit\u00e0 anche per un numero significativo di crediti. Nel caso degli studenti della Laurea Magistrale, il Dipartimento di Fisica offre anche l&#8217;opportunit\u00e0 di percorsi che portino al conseguimento di un <a href=\"https:\/\/www.df.unipi.it\/didattica\/studiare-all-estero\/doppio-titolo\/\">Doppio Titolo<\/a>, che combina la Laurea Magistrale in Fisica dell&#8217;Universit\u00e0 di Pisa con il titolo rilasciato da prestigiose universit\u00e0 internazionali.<\/p>\n\n\n\n<p><span style=\"margin: 0px;padding: 0px\">Se intendi inserire nel tuo percorso formativo un&#8217;<\/span>attivit\u00e0 all\u2019esterno del Dipartimento, e in particolare un&#8217;attivit\u00e0 all&#8217;estero, \u00e8 importante includerla in un piano di studio individuale da sottomettere tramite il portale&nbsp;CAPS. Questo permetter\u00e0 di valutare la validit\u00e0 formativa dell&#8217;attivit\u00e0 proposta e garantir\u00e0 un corretto inserimento in carriera dei crediti formativi che ne derivano.<\/p>\n\n\n\n<h3 class=\"wp-block-heading\"><strong>Informazioni e link utili<\/strong><\/h3>\n\n\n\n<ul class=\"wp-block-list\">\n<li><a href=\"https:\/\/docs.google.com\/spreadsheets\/d\/1mzBJoQ58fzyEzgvCXp9K_yPhJPjmJOr8xXwQ9H6w4mM\/edit?gid=1291467209#gid=1291467209\">Giornata di presentazione delle occasioni di studio all&#8217;estero<\/a>;<\/li>\n\n\n\n<li>Per le diverse <strong>opportunit\u00e0 di studio all&#8217;estero<\/strong>, in particolare il programma <em>Erasmus<\/em>, consulta il <a href=\"https:\/\/www.unipi.it\/didattica\/studi-e-tirocini-allestero\/studiare-allestero\/\">portale UniPi dedicato<\/a> oppure la <a href=\"https:\/\/www.df.unipi.it\/didattica\/studiare-all-estero\/erasmus-program\/\">pagina dedicata<\/a> del sito;<\/li>\n\n\n\n<li>Per saperne di pi\u00f9 sui <strong>Doppi Titoli<\/strong>, consulta i programmi attivi alla <a href=\"https:\/\/www.df.unipi.it\/didattica\/studiare-all-estero\/doppio-titolo\/\">pagina dedicata<\/a> del sito;<\/li>\n\n\n\n<li>Per saperne di pi\u00f9 sulle <strong>Scuole Estive\/Invernali<\/strong>, consulta la <a href=\"https:\/\/www.df.unipi.it\/didattica\/studiare-all-estero\/scuole-estive-invernali\/\">pagina dedicata<\/a> del sito.<\/li>\n<\/ul>\n\n\n<div class=\"wp-block-image\">\n<figure class=\"aligncenter size-full\"><img loading=\"lazy\" decoding=\"async\" width=\"685\" height=\"309\" src=\"https:\/\/www.df.unipi.it\/didattica\/wp-content\/uploads\/sites\/3\/2025\/07\/erasmus.png\" alt=\"\" class=\"wp-image-6703\" \/><\/figure>\n<\/div>","protected":false},"excerpt":{"rendered":"<p>Il Corso di Studio riconosce che svolgere parte della formazione al di fuori del Dipartimento, in particolare presso universit\u00e0 o&hellip;<\/p>\n<p><a class=\"btn btn-dark btn-sm unipi-read-more-link\" href=\"https:\/\/www.df.unipi.it\/didattica\/studiare-all-estero\/\">Leggi tutto&#8230;<\/a><\/p>\n","protected":false},"author":68,"featured_media":0,"parent":0,"menu_order":51,"comment_status":"closed","ping_status":"closed","template":"","meta":{"_acf_changed":false,"footnotes":""},"class_list":["post-1537","page","type-page","status-publish","hentry"],"acf":[],"jetpack_sharing_enabled":true,"publishpress_future_action":{"enabled":false,"date":"2026-04-27 01:53:57","action":"change-status","newStatus":"draft","terms":[],"taxonomy":"translation_priority","extraData":[]},"publishpress_future_workflow_manual_trigger":{"enabledWorkflows":[]},"_links":{"self":[{"href":"https:\/\/www.df.unipi.it\/didattica\/wp-json\/wp\/v2\/pages\/1537","targetHints":{"allow":["GET"]}}],"collection":[{"href":"https:\/\/www.df.unipi.it\/didattica\/wp-json\/wp\/v2\/pages"}],"about":[{"href":"https:\/\/www.df.unipi.it\/didattica\/wp-json\/wp\/v2\/types\/page"}],"author":[{"embeddable":true,"href":"https:\/\/www.df.unipi.it\/didattica\/wp-json\/wp\/v2\/users\/68"}],"replies":[{"embeddable":true,"href":"https:\/\/www.df.unipi.it\/didattica\/wp-json\/wp\/v2\/comments?post=1537"}],"version-history":[{"count":31,"href":"https:\/\/www.df.unipi.it\/didattica\/wp-json\/wp\/v2\/pages\/1537\/revisions"}],"predecessor-version":[{"id":7950,"href":"https:\/\/www.df.unipi.it\/didattica\/wp-json\/wp\/v2\/pages\/1537\/revisions\/7950"}],"wp:attachment":[{"href":"https:\/\/www.df.unipi.it\/didattica\/wp-json\/wp\/v2\/media?parent=1537"}],"curies":[{"name":"wp","href":"https:\/\/api.w.org\/{rel}","templated":true}]}}