{"id":1814,"date":"2022-11-17T10:59:26","date_gmt":"2022-11-17T09:59:26","guid":{"rendered":"https:\/\/www.df.unipi.it\/didattica\/?page_id=1814"},"modified":"2025-06-28T23:35:27","modified_gmt":"2025-06-28T21:35:27","slug":"studente-lavoratore","status":"publish","type":"page","link":"https:\/\/www.df.unipi.it\/didattica\/home-cds\/studente-lavoratore\/","title":{"rendered":"Studente Lavoratore"},"content":{"rendered":"\n<p>Il <a href=\"https:\/\/www.unipi.it\/phocadownload\/regolamentiallegati\/1rdid.pdf\">Regolamento Didattico di Ateneo<\/a>, all&#8217;art. 27, disciplina la figura dello <strong>studente lavoratore<\/strong> come segue:<\/p>\n\n\n\n<blockquote class=\"wp-block-quote is-layout-flow wp-block-quote-is-layout-flow\">\n<div class=\"wp-block-group\"><div class=\"wp-block-group__inner-container is-layout-constrained wp-block-group-is-layout-constrained\">\n<ol class=\"wp-block-list\">\n<li><em>Al fine di migliorare l\u2019accesso all\u2019offerta didattica per gli studenti lavoratori iscritti ai corsi di laurea e di laurea magistrale, \u00e8 disciplinata la figura dello studente lavoratore.<\/em><\/li>\n\n\n\n<li><em>Per studente lavoratore si intende chi svolga:<\/em>\n<ul class=\"wp-block-list\">\n<li><em>un\u2019attivit\u00e0 retribuita per conto di privati, comprese le societ\u00e0 cooperative, o di enti pubblici;<\/em><\/li>\n\n\n\n<li><em>un\u2019attivit\u00e0 di co.co.co o co.co.pro;<\/em><\/li>\n\n\n\n<li><em>un\u2019attivit\u00e0 di lavoro autonomo con titolarit\u00e0 di partita IVA ed attesti di svolgere<br>effettivamente tale attivit\u00e0;<\/em><\/li>\n\n\n\n<li><em>un\u2019attivit\u00e0 d\u2019impresa di tipo commerciale, o artigianale o agricola;<\/em><\/li>\n\n\n\n<li><em>il servizio civile.<\/em><\/li>\n<\/ul>\n<\/li>\n\n\n\n<li><em>Ai fini di cui al punto 2), lo studente deve produrre una dichiarazione sostitutiva dell\u2019atto di notoriet\u00e0 contenente l\u2019indicazione del periodo di attivit\u00e0 lavorativa svolta, che non pu\u00f2 essere inferiore a tre mesi anche non continuativi nei dodici mesi precedenti alle scadenze dei periodi di cui al successivo comma 4. La dichiarazione deve contenere inoltre:<\/em>\n<ul class=\"wp-block-list\">\n<li><em>l\u2019indicazione del datore di lavoro, nel caso di lavoro dipendente;<\/em><\/li>\n\n\n\n<li><em>l\u2019indicazione del soggetto con cui si svolge un&#8217;attivit\u00e0 di collaborazione coordinata o<br>continuativa;<\/em><\/li>\n\n\n\n<li><em>l\u2019indicazione della partita IVA, in caso di svolgimento di lavoro autonomo, e la tipologia di attivit\u00e0 svolta;<\/em><\/li>\n\n\n\n<li><em>i dati relativi all\u2019iscrizione alla Camera di commercio in caso di imprenditore commerciale o agricolo;<br>Lo status di studente lavoratore \u00e8 riconosciuto d\u2019ufficio in presenza dei requisiti richiesti.<\/em><\/li>\n<\/ul>\n<\/li>\n\n\n\n<li><em>La documentazione deve essere presentata presso l\u2019unit\u00e0 didattica del dipartimento di riferimento del corso di studio nei seguenti periodi di ciascun anno:<\/em>\n<ul class=\"wp-block-list\">\n<li><em>1\u00b0 febbraio &#8211; 31 marzo;<\/em><\/li>\n\n\n\n<li><em>1\u00b0 settembre &#8211; 31 ottobre.<\/em><\/li>\n<\/ul>\n<\/li>\n\n\n\n<li><em>I docenti concordano con lo studente lavoratore orari e modalit\u00e0 di ricevimento anche al di fuori di quelli previsti per gli studenti ordinari.<\/em><\/li>\n\n\n\n<li><em>Nel rispetto di quanto previsto dalla normativa vigente, ed in particolare dall\u2019art. 11, comma 2, della Legge 19 novembre 1990, n. 341, i Regolamenti dei corsi di studio devono prevedere norme specifiche in cui vengano stabilite eventuali riduzioni dell\u2019obbligo di frequenza e\/o apposite modalit\u00e0 alternative per il suo soddisfacimento.<\/em><\/li>\n<\/ol>\n<\/div><\/div>\n<\/blockquote>\n\n\n\n<div class=\"wp-block-group\"><div class=\"wp-block-group__inner-container is-layout-constrained wp-block-group-is-layout-constrained\">\n<p><strong>Come applicare.<\/strong> Per richiedere lo status di studente lavoratore \u00e8 necessario presentare il <a href=\"https:\/\/www.df.unipi.it\/didattica\/wp-content\/uploads\/sites\/3\/2022\/12\/Modulo-richiesta-studente-lavoratore.pdf\">modulo richiesta riconoscimento studente lavoratore<\/a> alla Segreteria Didattica del Dipartimento: <a href=\"mailto:segrdida@df.unipi.it\">segrdida@df.unipi.it<\/a>.<\/p>\n<\/div><\/div>\n","protected":false},"excerpt":{"rendered":"<p>Il Regolamento Didattico di Ateneo, all&#8217;art. 27, disciplina la figura dello studente lavoratore come segue: Come applicare. Per richiedere lo&hellip;<\/p>\n<p><a class=\"btn btn-dark btn-sm unipi-read-more-link\" href=\"https:\/\/www.df.unipi.it\/didattica\/home-cds\/studente-lavoratore\/\">Leggi tutto&#8230;<\/a><\/p>\n","protected":false},"author":2,"featured_media":0,"parent":247,"menu_order":13,"comment_status":"closed","ping_status":"closed","template":"","meta":{"_acf_changed":false,"footnotes":""},"class_list":["post-1814","page","type-page","status-publish","hentry"],"acf":[],"jetpack_sharing_enabled":true,"publishpress_future_action":{"enabled":false,"date":"2026-05-08 03:35:11","action":"change-status","newStatus":"draft","terms":[],"taxonomy":"translation_priority","extraData":[]},"publishpress_future_workflow_manual_trigger":{"enabledWorkflows":[]},"_links":{"self":[{"href":"https:\/\/www.df.unipi.it\/didattica\/wp-json\/wp\/v2\/pages\/1814","targetHints":{"allow":["GET"]}}],"collection":[{"href":"https:\/\/www.df.unipi.it\/didattica\/wp-json\/wp\/v2\/pages"}],"about":[{"href":"https:\/\/www.df.unipi.it\/didattica\/wp-json\/wp\/v2\/types\/page"}],"author":[{"embeddable":true,"href":"https:\/\/www.df.unipi.it\/didattica\/wp-json\/wp\/v2\/users\/2"}],"replies":[{"embeddable":true,"href":"https:\/\/www.df.unipi.it\/didattica\/wp-json\/wp\/v2\/comments?post=1814"}],"version-history":[{"count":23,"href":"https:\/\/www.df.unipi.it\/didattica\/wp-json\/wp\/v2\/pages\/1814\/revisions"}],"predecessor-version":[{"id":5595,"href":"https:\/\/www.df.unipi.it\/didattica\/wp-json\/wp\/v2\/pages\/1814\/revisions\/5595"}],"up":[{"embeddable":true,"href":"https:\/\/www.df.unipi.it\/didattica\/wp-json\/wp\/v2\/pages\/247"}],"wp:attachment":[{"href":"https:\/\/www.df.unipi.it\/didattica\/wp-json\/wp\/v2\/media?parent=1814"}],"curies":[{"name":"wp","href":"https:\/\/api.w.org\/{rel}","templated":true}]}}