{"id":3213,"date":"2023-11-03T14:46:53","date_gmt":"2023-11-03T13:46:53","guid":{"rendered":"https:\/\/www.df.unipi.it\/didattica\/?page_id=3213"},"modified":"2026-02-09T16:38:17","modified_gmt":"2026-02-09T15:38:17","slug":"doppio-titolo","status":"publish","type":"page","link":"https:\/\/www.df.unipi.it\/didattica\/studiare-all-estero\/doppio-titolo\/","title":{"rendered":"Doppio titolo"},"content":{"rendered":"\n<p>Il doppio titolo (<em>double degree<\/em>) \u00e8 un percorso integrato di studio in cui il <em>curriculum <\/em>viene progettato in comune tra due Universit\u00e0 con l\u2019obiettivo di formare professionisti altamente qualificati nel campo della Fisica e, al termine dei corsi, conseguire i titoli nazionali finali da entrambe le istituzioni.<\/p>\n\n\n\n<p>I partecipanti trascorreranno il primo e il secondo semestre presso la propria istituzione di appartenenza e il terzo e il quarto semestre presso l&#8217;Universit\u00e0 partner. La Tesi di Laurea sar\u00e0 co-supervisionata, coinvolgendo un supervisore da ciascuna delle Universit\u00e0 partner. Gli insegnamenti e gli esami, compresa la Tesi di Laurea, saranno condotti in inglese.<\/p>\n\n\n\n<div class=\"wp-block-pb-accordion-item c-accordion__item js-accordion-item no-js\" data-initially-open=\"false\" data-click-to-close=\"true\" data-auto-close=\"true\" data-scroll=\"false\" data-scroll-offset=\"0\"><h5 id=\"at-32130\" class=\"c-accordion__title js-accordion-controller\" role=\"button\">Sorbonne Universit\u00e9 (Parigi) \u2013 Laurea Magistrale<\/h5><div id=\"ac-32130\" class=\"c-accordion__content\">\n<p>Gli studenti della Laurea Magistrale in Fisica hanno l&#8217;opportunit\u00e0 di partecipare al <strong>Programma di Doppio Titolo Pisa-Paris<\/strong>, <em>curriculum<\/em> Plasma o Interazioni Fondamentali, in cui le istituzioni coinvolte sono la Sorbonne Universit\u00e9 e l\u2019Universit\u00e0 di Pisa.<\/p>\n\n\n\n<p>Di seguito l&#8217;elenco degli esami che possono essere scelti:<\/p>\n\n\n\n<ul class=\"wp-block-list\">\n<li><a href=\"https:\/\/www.df.unipi.it\/didattica\/wp-content\/uploads\/sites\/3\/2024\/10\/Doppio-Diploma-SU-UNIPI-IT.pdf\">Informazioni sul Doppio Diploma UniPi-Sorbonne (2025)<\/a><\/li>\n\n\n\n<li><a href=\"https:\/\/www.df.unipi.it\/didattica\/wp-content\/uploads\/sites\/3\/2025\/07\/Learning-Agreement-double-degree-with-Sorbonne-2025.pdf\">Curriculum del Doppio Diploma UniPi-Sorbonne (2025)<\/a><\/li>\n\n\n\n<li><a href=\"https:\/\/www.df.unipi.it\/didattica\/wp-content\/uploads\/sites\/3\/2024\/10\/Doppio-Diploma-SU-UNIPI-IT.pdf\">Informazioni sul Doppio Diploma UniPi-Sorbonne (2024)<\/a><\/li>\n\n\n\n<li><a href=\"https:\/\/www.df.unipi.it\/didattica\/wp-content\/uploads\/sites\/3\/2024\/10\/Learning-Agreement-double-degree-with-Sorbonne.pdf\">Curriculum del Doppio Diploma UniPi-Sorbonne (2024)<\/a><\/li>\n\n\n\n<li><a href=\"https:\/\/www.df.unipi.it\/didattica\/wp-content\/uploads\/sites\/3\/2023\/08\/CV-doppio-diploma-Fisica-UNIPI-Sorbonne-.pdf\">Curriculum del Doppio Diploma UniPi-Sorbonne (2023)<\/a><\/li>\n\n\n\n<li><a href=\"https:\/\/www.df.unipi.it\/didattica\/wp-content\/uploads\/sites\/3\/2023\/08\/Dual-diplome-UNISU-Piano-di-Studi-annex-A-2022oct.pdf\">Curriculum del Doppio Diploma UniPi-Sorbonne (2022)<\/a><\/li>\n<\/ul>\n\n\n\n<p>Per maggiori informazioni: <a href=\"https:\/\/www.df.unipi.it\/people\/califano-francesco\/\">Prof. Francesco Califano<\/a><\/p>\n<\/div><\/div>\n\n\n\n<div class=\"wp-block-pb-accordion-item c-accordion__item js-accordion-item no-js\" data-initially-open=\"false\" data-click-to-close=\"true\" data-auto-close=\"true\" data-scroll=\"false\" data-scroll-offset=\"0\"><h5 id=\"at-32131\" class=\"c-accordion__title js-accordion-controller\" role=\"button\">Johannes Gutenberg-Universit\u00e4t (Mainz) \u2013 Laurea Magistrale<\/h5><div id=\"ac-32131\" class=\"c-accordion__content\">\n<p>A partire dall&#8217;anno accademico 2023\/2024, gli studenti della Laurea Magistrale in Fisica hanno l&#8217;opportunit\u00e0 di partecipare al <strong>Programma di Doppio Titolo Mainz-Pisa<\/strong>, in cui le istituzioni coinvolte sono la Johannes Gutenberg-Universit\u00e4t Mainz (JGU) e l&#8217;Universit\u00e0 di Pisa.<\/p>\n\n\n\n<p>Al termine del percorso, ai partecipanti verr\u00e0 conferito un titolo da entrambe le universit\u00e0: il certificato di laurea della JGU sar\u00e0 emesso in tedesco e inglese, il certificato di laurea dell&#8217;Universit\u00e0 di Pisa sar\u00e0 emesso in italiano e inglese.&nbsp;<\/p>\n\n\n\n<p>Ulteriori informazioni e dettagli relativi alle candidature sono disponibili nella seguente brochure:<\/p>\n\n\n\n<ul class=\"wp-block-list\">\n<li><a href=\"https:\/\/www.df.unipi.it\/wp-content\/uploads\/2023\/10\/Brochure-double-degree-physic-Mainz-Pisa.pdf\">The Double Degree Program Mainz-Pisa in Physics &#8211; Brochure<\/a><\/li>\n\n\n\n<li><a href=\"https:\/\/physik.uni-mainz.de\/en\/double-degree-pisa\/\" target=\"_blank\" rel=\"noreferrer noopener\">The Double Degree Program Mainz-Pisa in Physics &#8211; Mainz Page<\/a><\/li>\n<\/ul>\n\n\n\n<p>Per maggiori informazioni: <a href=\"https:\/\/www.df.unipi.it\/people\/forti-francesco\/\">Prof. Francesco Forti<\/a><\/p>\n<\/div><\/div>\n\n\n\n<div class=\"wp-block-pb-accordion-item c-accordion__item js-accordion-item no-js\" data-initially-open=\"false\" data-click-to-close=\"true\" data-auto-close=\"true\" data-scroll=\"false\" data-scroll-offset=\"0\"><h5 id=\"at-32132\" class=\"c-accordion__title js-accordion-controller\" role=\"button\">\u00c9cole Polytechnique (Parigi) \u2013 dal terzo anno della Laurea Triennale<\/h5><div id=\"ac-32132\" class=\"c-accordion__content\">\n<blockquote class=\"wp-block-quote is-layout-flow wp-block-quote-is-layout-flow\">\n<p>Il percorso, con esame di ammissione durante il primo semestre del terzo anno di Laurea Triennale, inizia dal secondo semestre del terzo anno di Laurea Triennale e prevede il rientro a Pisa per l&#8217;ultimo anno di Laurea Magistrale. La durata totale del percorso di sei anni \u00e8 conseguente ad un\u2019offerta didattica estremamente ampia all\u2019\u00c9cole Polytechnique in cui, oltre a corsi di Fisica e Matematica ad ampio spettro, si potranno seguire corsi (alcuni obbligatori) di Chimica, Informatica, Biofisica, Economia, complementi di &#8220;Humanities and Social Sciences, Management and innovation\u201d, stage in laboratori di ricerca e industrie. Sar\u00e0 possibile seguire anche corsi di lingua. In particolare per chi non ha pratica con il francese viene fatto un corso accelerato nei primi due mesi a X. Consulta i dettagli del programma sul <a href=\"https:\/\/programmes.polytechnique.edu\/en\/ingenieur-polytechnicien-program\/ingenieur-polytechnicien-program\">Sito di X<\/a>.<\/p>\n<\/blockquote>\n\n\n\n<p>Di seguito il percorso da organizzare anno per anno:<\/p>\n\n\n\n<ul class=\"wp-block-list\">\n<li><a href=\"https:\/\/www.df.unipi.it\/didattica\/wp-content\/uploads\/sites\/3\/2025\/06\/learning_agreement_X_2025.pdf\">Curriculum del Doppio Diploma DF-UniPi\u2013X (2025)<\/a><\/li>\n<\/ul>\n\n\n\n<p>Per gli studenti che hanno finito il secondo anno della triennale e in regola con gli esami (ovvero finiti tutti entro inizio del terzo anno) \u00e8 possibile concorrere all\u2019esame di entrata di X. Per chi \u00e8 interessato, si segnala che \u00e8 possibile assistere ad una presentazione di X <em>on-line<\/em>, programmata per il giorno <strong>8 luglio alle ore 09:30<\/strong>. <\/p>\n\n\n\n<p>Alcune scadenze e passaggi chiave:<\/p>\n\n\n\n<ol class=\"wp-block-list\">\n<li><strong>14\/09\/2025<\/strong>. Termine per la presentazione delle domande.<\/li>\n\n\n\n<li><strong>10\/10\/2025<\/strong>. Pubblicazione lista degli idonei.<\/li>\n\n\n\n<li><strong>03-16\/11\/2025<\/strong>. Periodo degli esami orali: alcuni esempi <a href=\"https:\/\/www.polytechnique.edu\/admission-cycle-ingenieur\/sujets-et-rapports\">qui<\/a>.<\/li>\n\n\n\n<li><strong>25\/11\/2025<\/strong>. Pubblicazione ammessi.<\/li>\n\n\n\n<li><strong>Met\u00e0 Dicembre<\/strong>. Conferma ammissione.<\/li>\n\n\n\n<li><strong>Gennaio 2026<\/strong>. Inizio anno accademico.<\/li>\n<\/ol>\n\n\n\n<p><strong>Importante<\/strong>. Per avviare la procedure, X richiede una manifestazione di interesse nominale quindi chiunque sia interessato \u00e8 invitato a contattare il <a href=\"https:\/\/www.df.unipi.it\/people\/califano-francesco\/\">Prof. Francesco Califano<\/a> <strong>entro il 01\/09\/2025<\/strong>.<\/p>\n\n\n\n<p>News sul sito di X: <a href=\"https:\/\/www.polytechnique.edu\/en\/news\/lx-reaffirms-its-partnership-university-pisa\">partnership X-UniPi<\/a><\/p>\n<\/div><\/div>\n","protected":false},"excerpt":{"rendered":"<p>Il doppio titolo (double degree) \u00e8 un percorso integrato di studio in cui il curriculum viene progettato in comune tra&hellip;<\/p>\n<p><a class=\"btn btn-dark btn-sm unipi-read-more-link\" href=\"https:\/\/www.df.unipi.it\/didattica\/studiare-all-estero\/doppio-titolo\/\">Leggi tutto&#8230;<\/a><\/p>\n","protected":false},"author":68,"featured_media":0,"parent":1537,"menu_order":0,"comment_status":"closed","ping_status":"closed","template":"","meta":{"_acf_changed":false,"footnotes":""},"class_list":["post-3213","page","type-page","status-publish","hentry"],"acf":[],"jetpack_sharing_enabled":true,"publishpress_future_action":{"enabled":false,"date":"2026-04-18 18:14:04","action":"change-status","newStatus":"draft","terms":[],"taxonomy":"translation_priority","extraData":[]},"publishpress_future_workflow_manual_trigger":{"enabledWorkflows":[]},"_links":{"self":[{"href":"https:\/\/www.df.unipi.it\/didattica\/wp-json\/wp\/v2\/pages\/3213","targetHints":{"allow":["GET"]}}],"collection":[{"href":"https:\/\/www.df.unipi.it\/didattica\/wp-json\/wp\/v2\/pages"}],"about":[{"href":"https:\/\/www.df.unipi.it\/didattica\/wp-json\/wp\/v2\/types\/page"}],"author":[{"embeddable":true,"href":"https:\/\/www.df.unipi.it\/didattica\/wp-json\/wp\/v2\/users\/68"}],"replies":[{"embeddable":true,"href":"https:\/\/www.df.unipi.it\/didattica\/wp-json\/wp\/v2\/comments?post=3213"}],"version-history":[{"count":33,"href":"https:\/\/www.df.unipi.it\/didattica\/wp-json\/wp\/v2\/pages\/3213\/revisions"}],"predecessor-version":[{"id":7908,"href":"https:\/\/www.df.unipi.it\/didattica\/wp-json\/wp\/v2\/pages\/3213\/revisions\/7908"}],"up":[{"embeddable":true,"href":"https:\/\/www.df.unipi.it\/didattica\/wp-json\/wp\/v2\/pages\/1537"}],"wp:attachment":[{"href":"https:\/\/www.df.unipi.it\/didattica\/wp-json\/wp\/v2\/media?parent=3213"}],"curies":[{"name":"wp","href":"https:\/\/api.w.org\/{rel}","templated":true}]}}