{"id":4766,"date":"2025-04-01T15:48:49","date_gmt":"2025-04-01T13:48:49","guid":{"rendered":"https:\/\/www.df.unipi.it\/didattica\/?page_id=4766"},"modified":"2026-04-14T09:45:38","modified_gmt":"2026-04-14T07:45:38","slug":"erasmus-program","status":"publish","type":"page","link":"https:\/\/www.df.unipi.it\/didattica\/studiare-all-estero\/erasmus-program\/","title":{"rendered":"Mobilit\u00e0 studentesca"},"content":{"rendered":"\n<p>Periodicamente l&#8217;Universit\u00e0 di Pisa emana dei <strong>bandi <\/strong>ai quali \u00e8 possibile partecipare per ottenere supporto finanziario per attivit\u00e0 al di fuori dall&#8217;Ateneo che includono:<\/p>\n\n\n\n<ul class=\"wp-block-list\">\n<li>frequentare <strong>corsi<\/strong> e sostenere <strong>esami<\/strong>,<\/li>\n\n\n\n<li>lavoro di <strong>tesi<\/strong> (<em>traineeship<\/em>),<\/li>\n\n\n\n<li>partecipazione a<strong> Scuole<\/strong>.<\/li>\n<\/ul>\n\n\n\n<p>In questa pagina si fornisce una <strong>panoramica <\/strong>delle principali opportunit\u00e0 disponibili a seconda dell&#8217;attivit\u00e0 desiderata. Altri programmi di finanziamento offerti da UniPi che sono meno comuni rispetto alle opzioni discusse in seguito sono: <a href=\"https:\/\/www.unipi.it\/ateneo\/rapporti-internazionali\/network-e-reti-di-cooperazione\/circle-u\/\">CircleU<\/a>, <a href=\"https:\/\/www.unipi.it\/ateneo\/rapporti-internazionali\/programmi\/erasmus\/bip-blended-intensive-programme\/\">BIP\u2013Blended Intensive Programme<\/a>, <a href=\"https:\/\/www.unipi.it\/didattica\/studi-e-tirocini-allestero\/studiare-allestero\/mentoring-opportunita-studio-ricerca-lavoro-nord-america-issnaf\/\">ISSNAF<\/a>, <a href=\"https:\/\/www.unipi.it\/didattica\/studi-e-tirocini-allestero\/tirocini-allestero\/consorzio-send\/\">SEND<\/a>.<\/p>\n\n\n\n<p>E&#8217; importante considerare che le tempistiche di alcuni bandi, dall&#8217;emanazione alla scadenza, possono essere brevi, per cui \u00e8 consigliato <strong>informarsi preventivamente<\/strong> sulle procedure da seguire e le disponibilit\u00e0 delle sedi desiderate. Le procedure per la partecipazione ad un bando sono specificate nel bando stesso.<\/p>\n\n\n\n<h2 class=\"wp-block-heading\">Periodo di mobilit\u00e0 all&#8217;estero per&#8230;<\/h2>\n\n\n\n<h3 class=\"wp-block-heading\">&#8230;frequentare corsi e sostenere esami<\/h3>\n\n\n\n<p>Sono possibili soggiorni lunghi (da 2 a 12 mesi) presso le seguenti Universit\u00e0 <em>partner<\/em>, con le quali \u00e8 attivo un documento di accordo (<em>agreement<\/em>) nell&#8217;ambito del bando <em><a href=\"https:\/\/erasmusmobility.unipi.it\/erasmus\/welcome\/\">Erasmus<\/a><\/em>.<\/p>\n\n\n\n<details class=\"wp-block-details is-layout-flow wp-block-details-is-layout-flow\"><summary>Elenco delle Universit\u00e0 <em>partner<\/em> per <em>Erasmus<\/em><\/summary>\n<ul class=\"wp-block-list\">\n<li>Belgio &#8211; Katholieke Universiteit Leuven (https:\/\/www.kuleuven.be\/kuleuven\/)<\/li>\n\n\n\n<li>Germania &#8211; Humboldt-Universit\u00e4t zu Berlin (https:\/\/www.hu-berlin.de\/)<\/li>\n\n\n\n<li>Germania &#8211; Technische Universit\u00e4t Darmstadt (https:\/\/www.tu-darmstadt.de\/)<\/li>\n\n\n\n<li>Germania &#8211; Technische Universit\u00e4t Dortmund (https:\/\/www.tu-dortmund.de\/)<\/li>\n\n\n\n<li>Germania &#8211; Georg-August-Universit\u00e4t G\u00f6ttingen (https:\/\/www.uni-goettingen.de\/)<\/li>\n\n\n\n<li>Germania &#8211; Universit\u00e4t Greifswald (https:\/\/www.uni-greifswald.de\/)<\/li>\n\n\n\n<li>Germania &#8211; Ruprecht-Karls-Universit\u00e4t Heidelberg (https:\/\/www.uni-heidelberg.de\/)<\/li>\n\n\n\n<li>Germania &#8211; Ludwig-Maximilians-Universit\u00e4t M\u00fcnchen (https:\/\/www.lmu.de\/)<\/li>\n\n\n\n<li>Germania &#8211; Universit\u00e4t Regensburg (https:\/\/www.uni-regensburg.de\/)<\/li>\n\n\n\n<li>Germania &#8211; Universit\u00e4t Siegen (https:\/\/www.uni-siegen.de\/)<\/li>\n\n\n\n<li>Germania &#8211; Eberhard-Karls-Universit\u00e4t T\u00fcbingen (https:\/\/uni-tuebingen.de\/)<\/li>\n\n\n\n<li>Germania &#8211; Universit\u00e4t Ulm (https:\/\/www.uni-ulm.de\/)<\/li>\n\n\n\n<li>Spagna &#8211; Universitat Aut\u00f2noma de Barcelona (https:\/\/www.uab.cat\/)<\/li>\n\n\n\n<li>Spagna &#8211; Universidad Complutense de Madrid (https:\/\/www.ucm.es\/)<\/li>\n\n\n\n<li>Spagna &#8211; Universidad Aut\u00f3noma de Madrid (https:\/\/www.uam.es\/)<\/li>\n\n\n\n<li>Spagna &#8211; Universidad de Castilla &#8211; La Mancha (https:\/\/www.uclm.es)<\/li>\n\n\n\n<li>Spagna &#8211; Universitat de Val\u00e8ncia (https:\/\/www.uv.es\/)<\/li>\n\n\n\n<li>Spagna &#8211; Universidad de Zaragoza (https:\/\/www.unizar.es\/)<\/li>\n\n\n\n<li>Francia &#8211; Universit\u00e9 de Bordeaux (https:\/\/www.u-bordeaux.fr\/)<\/li>\n\n\n\n<li>Francia &#8211; Institut polytechnique de Grenoble (Grenoble INP) (https:\/\/www.grenoble-inp.fr\/)<\/li>\n\n\n\n<li>Francia &#8211; Universit\u00e9 de Lille (https:\/\/www.univ-lille.fr\/)<\/li>\n\n\n\n<li>Francia &#8211; Aix-Marseille Universit\u00e9 (https:\/\/www.univ-amu.fr\/)<\/li>\n\n\n\n<li>Francia &#8211; Universit\u00e9 de Lorraine (https:\/\/www.univ-lorraine.fr\/)<\/li>\n\n\n\n<li>Francia &#8211; Universit\u00e9 C\u00f4te d&#8217;Azur (https:\/\/univ-cotedazur.fr\/)<\/li>\n\n\n\n<li>Francia &#8211; \u00c9cole Polytechnique &#8211; Institut Polytechnique de Paris (https:\/\/www.polytechnique.edu\/)<\/li>\n\n\n\n<li>Francia &#8211; Sorbonne Universit\u00e9 (https:\/\/www.sorbonne-universite.fr\/)<\/li>\n\n\n\n<li>Francia &#8211; Universit\u00e9 Paris-Saclay (https:\/\/www.universite-paris-saclay.fr\/)<\/li>\n\n\n\n<li>Olanda &#8211; University of Twente (https:\/\/www.utwente.nl\/)<\/li>\n\n\n\n<li>Olanda &#8211; Eindhoven University of Technology (http:\/\/tue.nl\/en)<\/li>\n\n\n\n<li>Polonia &#8211; Adam Mickiewicz University, Pozna\u0144 (https:\/\/amu.edu.pl\/)<\/li>\n\n\n\n<li>Romania &#8211; Universitatea din Bucure\u0219ti (University of Bucharest) (https:\/\/unibuc.ro\/)<\/li>\n\n\n\n<li>Romania &#8211; Universitatea de Vest din Timi\u0219oara (West University of Timisoara) (https:\/\/www.uvt.ro\/)<\/li>\n\n\n\n<li>Turchia &#8211; Dokuz Eyl\u00fcl \u00dcniversitesi (https:\/\/www.deu.edu.tr\/)<\/li>\n<\/ul>\n<\/details>\n\n\n\n<p><\/p>\n\n\n\n<p>Durante il periodo di studio all&#8217;estero \u00e8 necessario conseguire almeno 9 CFU. Gli esami vengono sostenuti presso l\u2019Universit\u00e0 ospitante; \u00e8 pertanto necessario individuare con attenzione gli insegnamenti da seguire all\u2019estero, in modo che risultino coerenti e complementari al proprio piano di studi. Si raccomanda quindi di verificare preventivamente quali Universit\u00e0, offrano corsi di interesse compatibili con il percorso formativo prescelto.<\/p>\n\n\n\n<p>Il percorso <em>Erasmus<\/em> \u00e8 consigliato soprattutto per studentesse e studenti a partire dal terzo anno della laurea triennale o dal primo anno della laurea magistrale.<\/p>\n\n\n\n<blockquote class=\"wp-block-quote is-layout-flow wp-block-quote-is-layout-flow\">\n<p>E&#8217; stato pubblicato il bando <em>Erasmus<\/em> 2026, con scadenza alle <strong>ore 12 del 10 marzo 2026<\/strong>. Il bando e la documentazione possono essere scaricati dai seguenti link:<br>\u25cf <a href=\"https:\/\/www.unipi.it\/didattica\/studi-e-tirocini-allestero\/studiare-allestero\/programma-erasmus\/\">https:\/\/www.unipi.it\/didattica\/studi-e-tirocini-allestero\/studiare-allestero\/programma-erasmus\/<\/a><br>\u25cf <a href=\"https:\/\/erasmusmobility.unipi.it\/erasmus\/candidatura\/erasmus.aspx\">https:\/\/erasmusmobility.unipi.it\/erasmus\/candidatura\/erasmus.aspx<\/a><\/p>\n<\/blockquote>\n\n\n\n<h3 class=\"wp-block-heading\">&#8230;svolgere parte del lavoro di tesi<\/h3>\n\n\n\n<p>Sono possibili soggiorni lunghi (da 2 a 12 mesi) o brevi (da 5 a 30 giorni) presso Universit\u00e0, Enti di Ricerca, aziende con sede nei <a href=\"https:\/\/erasmus-plus.ec.europa.eu\/it\/programme-guide\/part-a\/eligible-countries\">Paesi associati al bando <em>Erasmus<\/em><\/a>. Per partecipare al bando <em><a href=\"https:\/\/erasmusmobility.unipi.it\/erasmus\/welcome\/\">Erasmus<\/a><\/em> (mobilit\u00e0 per <em>traineeship<\/em>) \u00e8 necessario definire la destinazione e la durata del soggiorno in accordo con il relatore interno e con un relatore o referente dell\u2019istituzione estera ospitante.<\/p>\n\n\n\n<p>E&#8217; possibile partecipare al bando <em><a href=\"https:\/\/www.unipi.it\/didattica\/studi-e-tirocini-allestero\/studiare-allestero\/tesi-di-laurea-allestero\/\">Tesi all&#8217;Estero<\/a><\/em> se emanato. Tale bando potrebbe richiedere requisiti diversi o pi\u00f9 stringenti del bando <em>Erasmus<\/em>. E&#8217; possibile partecipare a pi\u00f9 bandi, tuttavia in caso di selezione \u00e8 necessario optare per uno solo di essi.<\/p>\n\n\n\n<h3 class=\"wp-block-heading\">&#8230;partecipare ad una Scuola Estiva o Invernale<\/h3>\n\n\n\n<p>La mobilit\u00e0 breve (da 5 a 30 giorni) per <em>traineeship<\/em> \u00e8 indicata anche per finanziare la partecipazione ad una Scuola.<\/p>\n\n\n\n<details class=\"wp-block-details is-layout-flow wp-block-details-is-layout-flow\"><summary>Breve guida alle fasi principali di un periodo in <em>Erasmus<\/em><\/summary>\n<ul class=\"wp-block-list\">\n<li><em>guida in fase di compilazione da parte <\/em>dell&#8217;Ufficio Internazionalizzazione di Dipartimento<\/li>\n<\/ul>\n<\/details>\n\n\n\n<h3 class=\"wp-block-heading\">&#8230;seguire un percorso finalizzato a un doppio titolo di studio<\/h3>\n\n\n\n<p>Le procedure per svolgere un percorso che porta a un doppio titolo di studio, italiano ed estero, sono illustrate nella <a href=\"https:\/\/www.df.unipi.it\/didattica\/studiare-all-estero\/doppio-titolo\/\" id=\"3213\">pagina dedicata<\/a>. Per avere supporto economico durante lo svolgimento di tale percorso, \u00e8 possibile applicare al bando <em><a href=\"https:\/\/www.unipi.it\/didattica\/studi-e-tirocini-allestero\/studiare-allestero\/bando-per-lassegnazione-di-borse-di-studio-di-mobilita-presso-atenei-convenzionati-per-il-rilascio-di-titoli-doppi-o-congiunti\/\">Doppio Titolo<\/a><\/em>, se emanato.<\/p>\n\n\n\n<h2 class=\"wp-block-heading\">Soggiorno in Italia<\/h2>\n\n\n\n<p>Se l&#8217;Universit\u00e0 di interesse \u00e8 presente nel seguente elenco di Universit\u00e0 italiane convenzionate con il Dipartimento, \u00e8 possibile partecipare al bando <em><a href=\"https:\/\/www.unipi.it\/campus-e-servizi\/opportunita-e-tempo-libero\/bando-erasmus-italiano-a-a-2025-2026\/\">Erasmus Italiano<\/a><\/em> per un soggiorno lungo (da 3 a 6 mesi) al fine di svolgere attivit\u00e0 di <em>frequenza di corsi universitari con relativi esami<\/em> o di <em>preparazione della tesi magistrale<\/em>. Durante il periodo di studio all&#8217;esterno di UniPi \u00e8 necessario conseguire almeno 6 CFU.<\/p>\n\n\n\n<details class=\"wp-block-details is-layout-flow wp-block-details-is-layout-flow\"><summary>Elenco delle Universit\u00e0 convenzionate per <em>Erasmus Italiano<\/em><\/summary>\n<ul class=\"wp-block-list\">\n<li>Universit\u00e0 Federico II (Napoli)<\/li>\n\n\n\n<li>Universit\u00e0 di Padova<\/li>\n\n\n\n<li>Universit\u00e0 degli Studi di Palermo<\/li>\n\n\n\n<li>Universit\u00e0 di Pavia<\/li>\n\n\n\n<li>Universit\u00e0 di Trento<\/li>\n<\/ul>\n<\/details>\n\n\n\n<h2 class=\"wp-block-heading\">Contatti<\/h2>\n\n\n\n<p>Per maggiori informazioni, contattare il front-office dell\u2019<a href=\"mailto:erasmus@df.unipi.it\">Ufficio Internazionalizzazione<\/a>.<br>Il Coordinatore Area Internazionalizzazione (CAI) \u00e8 il <a href=\"https:\/\/www.df.unipi.it\/people\/rizzi-andrea\/\">Prof. Andrea Rizzi<\/a>.<\/p>\n\n\n\n<p><\/p>\n","protected":false},"excerpt":{"rendered":"<p>Periodicamente l&#8217;Universit\u00e0 di Pisa emana dei bandi ai quali \u00e8 possibile partecipare per ottenere supporto finanziario per attivit\u00e0 al di&hellip;<\/p>\n<p><a class=\"btn btn-dark btn-sm unipi-read-more-link\" href=\"https:\/\/www.df.unipi.it\/didattica\/studiare-all-estero\/erasmus-program\/\">Leggi tutto&#8230;<\/a><\/p>\n","protected":false},"author":68,"featured_media":0,"parent":1537,"menu_order":10,"comment_status":"closed","ping_status":"closed","template":"","meta":{"_acf_changed":false,"footnotes":""},"class_list":["post-4766","page","type-page","status-publish","hentry"],"acf":[],"jetpack_sharing_enabled":true,"publishpress_future_action":{"enabled":false,"date":"2026-04-22 01:41:21","action":"change-status","newStatus":"draft","terms":[],"taxonomy":"translation_priority","extraData":[]},"publishpress_future_workflow_manual_trigger":{"enabledWorkflows":[]},"_links":{"self":[{"href":"https:\/\/www.df.unipi.it\/didattica\/wp-json\/wp\/v2\/pages\/4766","targetHints":{"allow":["GET"]}}],"collection":[{"href":"https:\/\/www.df.unipi.it\/didattica\/wp-json\/wp\/v2\/pages"}],"about":[{"href":"https:\/\/www.df.unipi.it\/didattica\/wp-json\/wp\/v2\/types\/page"}],"author":[{"embeddable":true,"href":"https:\/\/www.df.unipi.it\/didattica\/wp-json\/wp\/v2\/users\/68"}],"replies":[{"embeddable":true,"href":"https:\/\/www.df.unipi.it\/didattica\/wp-json\/wp\/v2\/comments?post=4766"}],"version-history":[{"count":38,"href":"https:\/\/www.df.unipi.it\/didattica\/wp-json\/wp\/v2\/pages\/4766\/revisions"}],"predecessor-version":[{"id":8046,"href":"https:\/\/www.df.unipi.it\/didattica\/wp-json\/wp\/v2\/pages\/4766\/revisions\/8046"}],"up":[{"embeddable":true,"href":"https:\/\/www.df.unipi.it\/didattica\/wp-json\/wp\/v2\/pages\/1537"}],"wp:attachment":[{"href":"https:\/\/www.df.unipi.it\/didattica\/wp-json\/wp\/v2\/media?parent=4766"}],"curies":[{"name":"wp","href":"https:\/\/api.w.org\/{rel}","templated":true}]}}