{"id":670,"date":"2022-05-27T17:27:32","date_gmt":"2022-05-27T15:27:32","guid":{"rendered":"https:\/\/www.df.unipi.it\/didattica\/?page_id=670"},"modified":"2026-04-22T10:18:34","modified_gmt":"2026-04-22T08:18:34","slug":"prova-finale","status":"publish","type":"page","link":"https:\/\/www.df.unipi.it\/didattica\/laurea-triennale\/info-per-gli-iscritti\/prova-finale\/","title":{"rendered":"Prova finale"},"content":{"rendered":"\n<p>La <strong>Laurea Triennale in Fisica<\/strong> si conclude con una verifica della capacit\u00e0 del candidato di esporre e di discutere con chiarezza e padronanza di linguaggio un argomento trattato nel corso di studio e approvato dalla commissione, tipicamente scelto su suggerimento di un docente del corso di studio che svolge anche la funzione di \u201ctutor\u201d o garante. La prova finale consiste nella scrittura di un <em><strong>long abstract<\/strong> <\/em>e in una <strong>presentazione orale <\/strong>di massimo 10 minuti seguita da eventuali domande. Alla prova finale sono riservati <strong>3 CFU<\/strong>.<\/p>\n\n\n\n<p class=\"modallink \">Per saperne di pi\u00f9, consulta il <a href=\"https:\/\/www.df.unipi.it\/didattica\/wp-content\/uploads\/sites\/3\/2024\/06\/Regolamento-Laurea-Triennale-14.06.2024.pdf\">Regolamento della prova finale<\/a><\/p>\n\n\n\n<div class=\"wp-block-pb-accordion-item c-accordion__item js-accordion-item no-js\" data-initially-open=\"false\" data-click-to-close=\"true\" data-auto-close=\"true\" data-scroll=\"false\" data-scroll-offset=\"0\"><h5 id=\"at-6700\" class=\"c-accordion__title js-accordion-controller\" role=\"button\">Pratiche di Tesi e Iscrizione<\/h5><div id=\"ac-6700\" class=\"c-accordion__content\">\n<p>Le pratiche per la&nbsp;Tesi sono basate su moduli Google a cui si accede con le credenziali di Ateneo, autenticandosi con l\u2019email istituzionale <em>n.cognome#@studenti.unipi.it<\/em>. Per informazioni consultare&nbsp;<a href=\"https:\/\/start.unipi.it\/gsuite\/\">https:\/\/start.unipi.it\/gsuite\/<\/a>.<\/p>\n\n\n\n<p>Per accedere all\u2019esame di Laurea \u00e8 necessario espletare alcune pratiche sia per l&#8217;<strong>Universit\u00e0 di Pisa<\/strong> che per il <strong>Dipartimento di Fisica<\/strong>, che vanno completate con un certo anticipo rispetto alla sessione di Laurea (vedere la tabella in <a href=\"#tabella-appelli\">Appelli di Laurea e Scadenze<\/a>):<\/p>\n\n\n\n<table class=\"has-fixed-layout\" style=\"width: 100%\">\n<tbody>\n<tr>\n<td style=\"width: 11%\"><strong>Entro&#8230;<\/strong><\/td>\n<td style=\"width: 89%\"><strong>Cosa \u00e8 necessario fare<\/strong><\/td>\n<\/tr>\n<tr>\n<td style=\"width: 11%\"><em>30gg pre appello<\/em><\/td>\n<td style=\"width: 89%\">\n<p><strong>Per UniPi. <\/strong>Presentare domanda di Laurea tramite il <a href=\"http:\/\/www.studenti.unipi.it\">portale Alice.<\/a> In caso di dubbi, consultare le indicazioni alla pagina UniPi <a href=\"https:\/\/www.unipi.it\/didattica\/segreterie\/gestione-della-carriera\/laurea\/esame-di-laurea\/\">&#8220;Esame di Laurea&#8221;<\/a>.<\/p>\n<p><strong>Per il Dipartimento.<\/strong> Compilare il modulo \u201cDomanda di Laurea\u201d (link nella tabella <a href=\"#tabella-appelli\">Appelli di Laurea e Scadenze<\/a>), a cui va allegato:<\/p>\n<ul>\n<li>una copia (PDF o <em>screenshot<\/em>) di un <strong>email del relatore\/relatrice<\/strong> che riporti il nome del\/la candidato\/a e titolo indicativo della Tesi e la conferma del ruolo di &#8220;tutor&#8221;;<\/li>\n<li>eventualmente, una <strong>autocertificazione esami<\/strong>, nel caso qualcuno non comparisse ancora su Alice a questa data.<\/li>\n<\/ul>\n<\/td>\n<\/tr>\n<tr>\n<td style=\"width: 11%\"><em>15gg pre appello<\/em><\/td>\n<td style=\"width: 89%\">\n<p>A questa data, <em>pena l\u2019esclusione dalla sessione<\/em>, devono essere stati superati tutti gli esami previsti.<\/p>\n<p><strong>Per UniPi.<\/strong>\u00a0Caricare gli allegati alla domanda di Laurea sul\u00a0<a href=\"http:\/\/www.studenti.unipi.it\/\">portale Alice<\/a>, come indicato alla pagina UniPi\u00a0<a href=\"https:\/\/www.unipi.it\/didattica\/segreterie\/gestione-della-carriera\/laurea\/esame-di-laurea\/\">\u201cEsame di Laurea\u201d<\/a>.<\/p>\n<p><strong>Per il Dipartimento<\/strong>. Diversamente dalle passate sessioni LT, il Dipartimento si interfaccer\u00e0 direttamente con gli uffici centrali: Nessun Adempimento.<\/p>\n<\/td>\n<\/tr>\n<tr>\n<td style=\"width: 11%\"><em>7gg pre appello<\/em><\/td>\n<td style=\"width: 89%\">\n<p><strong>Per UniPi<\/strong>. Nessun adempimento.<\/p>\n<p><strong>Per il Dipartimento.<\/strong>\u00a0Compilare il modulo \u201cInvio\u00a0<em>long abstract<\/em>\u201d (link nella tabella <a href=\"#tabella-appelli\">Appelli di Laurea e Scadenze<\/a>), a cui va allegato:<\/p>\n<ul>\n<li>il\u00a0<strong><em>long-abstract\u00a0<\/em><\/strong>in formato PDF, redatto come da <a href=\"https:\/\/www.df.unipi.it\/didattica\/wp-content\/uploads\/sites\/3\/2024\/06\/Regolamento-Laurea-Triennale-14.06.2024.pdf\">Regolamento<\/a>.<\/li>\n<li>con le stesse modalit\u00e0 del email alla scadenza dei 30 giorni, un<strong>\u00a0email di conferma<\/strong> del &#8220;tutor&#8221;, in cui indica di avere letto il <em>long abstract<\/em>\u00a0e di approvarlo.<\/li>\n<\/ul>\n<\/td>\n<\/tr>\n<tr>\n<td style=\"width: 11%\"><em>3gg pre appello<\/em><\/td>\n<td style=\"width: 89%\">\n<p id=\"Magistrale-in-Fisica\"><strong>Per UniPi.\u00a0<\/strong>Nessun adempimento.<\/p>\n<p id=\"raccomandazioni\"><strong>Per il Dipartimento<\/strong>. Compilare il modulo \u201cInvio Slides\u201d (link nella tabella <a href=\"#tabella-appelli\">Appelli di Laurea e Scadenze<\/a>), a cui va allegata la presentazione in formato PDF<em><sup>(*)<\/sup><\/em>. Notare: i tre giorni NON includono i giorni festivi.<\/p>\n<\/td>\n<\/tr>\n<\/tbody>\n<\/table>\n\n\n\n<p><em><sup>(*)<\/sup>La preparazione e sottomissione tempestiva della presentazione render\u00e0 possibile anche una breve \u201cprova\u201d da organizzare qualche giorno prima della discussione, per essere sicuri che tutto funzioni.<\/em><\/p>\n\n\n\n<p>Si ricorda che<strong>&nbsp;i fotografi per gli esami di Laurea dovranno essere accreditati&nbsp;<\/strong>[si faccia riferimento alla guida<strong>&nbsp;<a href=\"https:\/\/www.unipi.it\/index.php\/vivere-l-universita\/item\/11900-scelta-fotografi-per-gli-esami-di-laurea\">\u201cScelta fotografi per gli esami di Laurea\u201d<\/a><\/strong>]. Per avvalersi di un fotografo professionista di fiducia, bisogna indicare il nominativo all\u2019indirizzo mail&nbsp;<a href=\"mailto:segrdida@df.unipi.it\">segrdida@df.unipi.it<\/a>&nbsp;entro 15 giorni dall\u2019apertura della sessione di Laurea. Questo \u00e8 necessario per predisporre il&nbsp;<em>pass<\/em>&nbsp;di \u201cFotografo invitato\u201d per accedere alla sala utilizzata per la seduta di Laurea. Il&nbsp;<em>pass<\/em>&nbsp;deve essere ritirato presso la Portineria del Dipartimento di Fisica (Largo Pontecorvo, 3), previa consegna di un documento di riconoscimento che sar\u00e0 restituito alla riconsegna del tesserino identificativo.<\/p>\n\n\n\n<div class=\"wp-block-buttons is-content-justification-center is-layout-flex wp-container-core-buttons-is-layout-16018d1d wp-block-buttons-is-layout-flex\">\n<div class=\"wp-block-button has-custom-width wp-block-button__width-100\"><a class=\"wp-block-button__link wp-element-button\" style=\"border-radius:5px\">[Coming soon] Scarica un possible template per <em>long abstract<\/em> e presentazione<\/a><\/div>\n<\/div>\n<\/div><\/div>\n\n\n\n<div class=\"wp-block-pb-accordion-item c-accordion__item js-accordion-item no-js scroll-margin-top: 100px;\" data-initially-open=\"false\" data-click-to-close=\"true\" data-auto-close=\"true\" data-scroll=\"false\" data-scroll-offset=\"0\" id=\"tabella-appelli\"><h5 id=\"at-6701\" class=\"c-accordion__title js-accordion-controller\" role=\"button\">Appelli di Laurea e Scadenze<\/h5><div id=\"ac-6701\" class=\"c-accordion__content\">\n<p>Di seguito le tabelle con le scadenze e i link di invio documenti per la prova finale dei corsi di Laurea Triennale del nuovo ordinamento (DM 270).<\/p>\n\n\n\n<table class=\"has-fixed-layout\" style=\"width: 100%;height: 438px\">\n<tbody>\n<tr style=\"height: 116px\">\n<td style=\"height: 116px;width: 12.5%\"><strong>Data appello <\/strong><strong>Laurea<\/strong><\/td>\n<td style=\"height: 116px;width: 12.2213%\"><strong>Scadenza domanda<\/strong><\/td>\n<td style=\"height: 116px;width: 12.7787%\"><strong>Scadenza\u00a0 esami<\/strong><\/td>\n<td style=\"height: 116px;width: 12.5%\"><strong>Scadenza <em>long abstract<\/em><\/strong><\/td>\n<td style=\"height: 116px;width: 12.5%\"><strong>Link per\u00a0 invio domanda Laurea<br \/><\/strong><\/td>\n<td style=\"height: 116px;width: 12.5%\"><strong>Link per invio <em>long abstract<\/em><\/strong><\/td>\n<td style=\"height: 116px;width: 9.28568%\"><strong>Link per\u00a0 invio <em>slides<\/em><\/strong><\/td>\n<td style=\"height: 116px;width: 15.7143%\"><strong>Commissione e programma delle sedute<\/strong><\/td>\n<\/tr>\n<tr style=\"height: 46px\">\n<td style=\"height: 46px;width: 12.5%\">23\/02\/26<\/td>\n<td style=\"height: 46px;width: 12.2213%\">26\/01\/26<\/td>\n<td style=\"height: 46px;width: 12.7787%\">09\/02\/26<\/td>\n<td style=\"height: 46px;width: 12.5%\">16\/02\/26<\/td>\n<td style=\"height: 46px;width: 12.5%\"><a href=\"https:\/\/forms.gle\/sp88JeEraRr79m4j8\">Domanda<\/a><\/td>\n<td style=\"height: 46px;width: 12.5%\"><a href=\"https:\/\/forms.gle\/MLaqQ4QtmvqTcHKg9\">Abstract<\/a><\/td>\n<td style=\"height: 46px;width: 9.28568%\"><a href=\"https:\/\/forms.gle\/kYnJSYtsekwE7Hmq9\">Slides<\/a><\/td>\n<td style=\"height: 46px;width: 15.7143%\"><a href=\"https:\/\/www.df.unipi.it\/didattica\/wp-content\/uploads\/sites\/3\/2026\/02\/Commissione-Lauree-Triennali-23-febbraio-2026.pdf\">Programma<\/a><\/td>\n<\/tr>\n<tr style=\"height: 46px\">\n<td style=\"height: 46px;width: 12.5%\">27\/04\/26<\/td>\n<td style=\"height: 46px;width: 12.2213%\">30\/03\/26<\/td>\n<td style=\"height: 46px;width: 12.7787%\">13\/04\/26<\/td>\n<td style=\"height: 46px;width: 12.5%\">20\/04\/26<\/td>\n<td style=\"height: 46px;width: 12.5%\"><a href=\"https:\/\/forms.gle\/UCsSUDNz6abV45dU7\">Domanda<\/a><\/td>\n<td style=\"height: 46px;width: 12.5%\"><a href=\"https:\/\/forms.gle\/Qap7Kib4XcagXTZg7\">Abstract<\/a><\/td>\n<td style=\"height: 46px;width: 9.28568%\"><a href=\"https:\/\/forms.gle\/jyuaGBXE2GxBvsQDA\">Slides<\/a><\/td>\n<td style=\"height: 46px;width: 15.7143%\"><a href=\"https:\/\/www.df.unipi.it\/didattica\/wp-content\/uploads\/sites\/3\/2026\/04\/Commissione-Lauree-Triennali-27-aprile-2026-2.pdf\">Programma<\/a><\/td>\n<\/tr>\n<tr style=\"height: 46px\">\n<td style=\"height: 46px;width: 12.5%\">15\/06\/26<\/td>\n<td style=\"height: 46px;width: 12.2213%\">18\/05\/26<\/td>\n<td style=\"height: 46px;width: 12.7787%\">01\/06\/26<\/td>\n<td style=\"height: 46px;width: 12.5%\">08\/06\/26<\/td>\n<td style=\"height: 46px;width: 12.5%\"><a href=\"https:\/\/forms.gle\/huWjuZHPe9hnxFHn6\">Domanda<\/a><\/td>\n<td style=\"height: 46px;width: 12.5%\"><a href=\"https:\/\/forms.gle\/Vcg54meSDTX89qxf9\">Abstract<\/a><\/td>\n<td style=\"height: 46px;width: 9.28568%\"><a href=\"https:\/\/forms.gle\/hHX37ifZZ7hq1vRT6\">Slides<\/a><\/td>\n<td style=\"height: 46px;width: 15.7143%\">Programma<\/td>\n<\/tr>\n<tr style=\"height: 46px\">\n<td style=\"height: 46px;width: 12.5%\">13\/07\/26<\/td>\n<td style=\"height: 46px;width: 12.2213%\">15\/06\/26<\/td>\n<td style=\"height: 46px;width: 12.7787%\">29\/06\/26<\/td>\n<td style=\"height: 46px;width: 12.5%\">06\/07\/26<\/td>\n<td style=\"height: 46px;width: 12.5%\"><a href=\"https:\/\/forms.gle\/4qEjf46UfiFoveVq6\">Domanda<\/a><\/td>\n<td style=\"height: 46px;width: 12.5%\"><a href=\"https:\/\/forms.gle\/ffT8mC71sovHVXAK6\">Abstract<\/a><\/td>\n<td style=\"height: 46px;width: 9.28568%\"><a href=\"https:\/\/forms.gle\/rqWK1LFE8mBhtYHx8\">Slides<\/a><\/td>\n<td style=\"height: 46px;width: 15.7143%\">Programma<\/td>\n<\/tr>\n<tr style=\"height: 46px\">\n<td style=\"height: 46px;width: 12.5%\">28\/09\/26<\/td>\n<td style=\"height: 46px;width: 12.2213%\">31\/08\/26<\/td>\n<td style=\"height: 46px;width: 12.7787%\">14\/09\/26<\/td>\n<td style=\"height: 46px;width: 12.5%\">21\/09\/26<\/td>\n<td style=\"height: 46px;width: 12.5%\"><a href=\"https:\/\/forms.gle\/HL1Hd3Wo5RVe7bu6A\">Domanda<\/a><\/td>\n<td style=\"height: 46px;width: 12.5%\"><a href=\"https:\/\/forms.gle\/c3vCNmzVsd6QJVfC9\">Abstract<\/a><\/td>\n<td style=\"height: 46px;width: 9.28568%\"><a href=\"https:\/\/forms.gle\/VJsbxgxL8dcTA1fD6\">Slides<\/a><\/td>\n<td style=\"height: 46px;width: 15.7143%\">Programma<\/td>\n<\/tr>\n<tr style=\"height: 46px\">\n<td style=\"height: 46px;width: 12.5%\">Data da definire<\/td>\n<td style=\"height: 46px;width: 12.2213%\">\u00a0<\/td>\n<td style=\"height: 46px;width: 12.7787%\">\u00a0<\/td>\n<td style=\"height: 46px;width: 12.5%\">\u00a0<\/td>\n<td style=\"height: 46px;width: 12.5%\">Domanda<\/td>\n<td style=\"height: 46px;width: 12.5%\">Abstract<\/td>\n<td style=\"height: 46px;width: 9.28568%\">Slides<\/td>\n<td style=\"height: 46px;width: 15.7143%\">Programma<\/td>\n<\/tr>\n<tr style=\"height: 46px\">\n<td style=\"height: 46px;width: 12.5%\">Data da definire<\/td>\n<td style=\"height: 46px;width: 12.2213%\">\u00a0<\/td>\n<td style=\"height: 46px;width: 12.7787%\">\u00a0<\/td>\n<td style=\"height: 46px;width: 12.5%\">\u00a0<\/td>\n<td style=\"height: 46px;width: 12.5%\">Domanda<\/td>\n<td style=\"height: 46px;width: 12.5%\">Abstract<\/td>\n<td style=\"height: 46px;width: 9.28568%\">Slides<\/td>\n<td style=\"height: 46px;width: 15.7143%\">Programma*<\/td>\n<\/tr>\n<\/tbody>\n<\/table>\n\n\n\n<p>&#8220;Ricordiamo ai laureandi che la prova finale pu\u00f2 svolgersi su pi\u00f9 giorni. Il programma della prova finale sar\u00e0 pubblicato circa due settimane prima della prova stessa. Non sar\u00e0 possibile modificare il programma tranne che per comprovati problemi medici o seri problemi familiari.&#8221;<\/p>\n<\/div><\/div>\n\n\n\n<div class=\"wp-block-pb-accordion-item c-accordion__item js-accordion-item no-js\" data-initially-open=\"false\" data-click-to-close=\"true\" data-auto-close=\"true\" data-scroll=\"false\" data-scroll-offset=\"0\"><h5 id=\"at-6702\" class=\"c-accordion__title js-accordion-controller\" role=\"button\">Vecchio ordinamento (DM 509)<\/h5><div id=\"ac-6702\" class=\"c-accordion__content\">\n<p>Per informazioni relative a appelli di Laurea del vecchio ordinamento (DM 509\/99), contattare direttamente la Segreteria Didattica.<\/p>\n\n\n\n<h3 class=\"wp-block-heading\">Modulistica per la prova finale vecchio ordinamento<\/h3>\n\n\n\n<ul class=\"wp-block-list\">\n<li><a href=\"https:\/\/www.df.unipi.it\/didattica\/wp-content\/uploads\/sites\/3\/2022\/07\/modulotirociniofuorisedeLF_ver2.doc\">Modulo tirocinio fuori sede<\/a><\/li>\n\n\n\n<li><a href=\"https:\/\/www.df.unipi.it\/didattica\/wp-content\/uploads\/sites\/3\/2022\/07\/Modulo-notifica-Laurea-Fisica-vecchio-ordinamento.pdf\">Modulo notifica presentazione domanda di Laurea<\/a><\/li>\n\n\n\n<li><a href=\"https:\/\/www.df.unipi.it\/didattica\/wp-content\/uploads\/sites\/3\/2022\/07\/Regolamento-Laurea-finale-Fisica-vecchio-ordinamento.pdf\">Regolamento prova finale Laurea<\/a><\/li>\n\n\n\n<li><a href=\"https:\/\/www.df.unipi.it\/didattica\/wp-content\/uploads\/sites\/3\/2022\/07\/Criteri-determinazione-voto-laurea-Fisica-vecchio-ordinamento.pdf\">Criteri per la determinazione del voto di Laurea<\/a><\/li>\n\n\n\n<li><a href=\"https:\/\/www.df.unipi.it\/didattica\/wp-content\/uploads\/sites\/3\/2022\/07\/facsimile-laurea-triennale-vecchio-ordinamento.pdf\">Fac-simile frontespizio tesi<\/a><\/li>\n\n\n\n<li><a href=\"https:\/\/www.df.unipi.it\/didattica\/wp-content\/uploads\/sites\/3\/2022\/07\/modulo-inizio-tesi-Laruea-Fisica-vecchio-ordinamento.pdf\">Modulo inizio elaborato finale<\/a><\/li>\n\n\n\n<li><a href=\"https:\/\/www.df.unipi.it\/didattica\/wp-content\/uploads\/sites\/3\/2022\/07\/Modalita-prova-finale-Laurea-Fisica-vecchio-ordinamento.pdf\">Modalit\u00e0 prova finale<\/a><\/li>\n\n\n\n<li><a href=\"https:\/\/www.df.unipi.it\/didattica\/wp-content\/uploads\/sites\/3\/2022\/07\/Scad.admp_laurea_trienna-V.12-24.11.08.pdf\">Scadenze e adempimenti tirocinio ed esame di laurea<\/a><\/li>\n<\/ul>\n<\/div><\/div>\n\n\n\n<figure class=\"wp-block-image size-large\"><img loading=\"lazy\" decoding=\"async\" width=\"1110\" height=\"500\" src=\"https:\/\/www.df.unipi.it\/didattica\/wp-content\/uploads\/sites\/3\/2023\/03\/03-rev-1110x500.png\" alt=\"\" class=\"wp-image-2245\" srcset=\"https:\/\/www.df.unipi.it\/didattica\/wp-content\/uploads\/sites\/3\/2023\/03\/03-rev-1110x500.png 1110w, https:\/\/www.df.unipi.it\/didattica\/wp-content\/uploads\/sites\/3\/2023\/03\/03-rev-720x324.png 720w, https:\/\/www.df.unipi.it\/didattica\/wp-content\/uploads\/sites\/3\/2023\/03\/03-rev-768x346.png 768w, https:\/\/www.df.unipi.it\/didattica\/wp-content\/uploads\/sites\/3\/2023\/03\/03-rev-1536x692.png 1536w, https:\/\/www.df.unipi.it\/didattica\/wp-content\/uploads\/sites\/3\/2023\/03\/03-rev.png 1920w\" sizes=\"auto, (max-width: 1110px) 100vw, 1110px\" \/><\/figure>\n","protected":false},"excerpt":{"rendered":"<p>La Laurea Triennale in Fisica si conclude con una verifica della capacit\u00e0 del candidato di esporre e di discutere con&hellip;<\/p>\n<p><a class=\"btn btn-dark btn-sm unipi-read-more-link\" href=\"https:\/\/www.df.unipi.it\/didattica\/laurea-triennale\/info-per-gli-iscritti\/prova-finale\/\">Leggi tutto&#8230;<\/a><\/p>\n","protected":false},"author":1,"featured_media":0,"parent":657,"menu_order":8,"comment_status":"closed","ping_status":"closed","template":"","meta":{"_acf_changed":false,"footnotes":""},"class_list":["post-670","page","type-page","status-publish","hentry"],"acf":[],"jetpack_sharing_enabled":true,"publishpress_future_action":{"enabled":false,"date":"2026-05-06 22:16:12","action":"change-status","newStatus":"draft","terms":[],"taxonomy":"translation_priority","extraData":[]},"publishpress_future_workflow_manual_trigger":{"enabledWorkflows":[]},"_links":{"self":[{"href":"https:\/\/www.df.unipi.it\/didattica\/wp-json\/wp\/v2\/pages\/670","targetHints":{"allow":["GET"]}}],"collection":[{"href":"https:\/\/www.df.unipi.it\/didattica\/wp-json\/wp\/v2\/pages"}],"about":[{"href":"https:\/\/www.df.unipi.it\/didattica\/wp-json\/wp\/v2\/types\/page"}],"author":[{"embeddable":true,"href":"https:\/\/www.df.unipi.it\/didattica\/wp-json\/wp\/v2\/users\/1"}],"replies":[{"embeddable":true,"href":"https:\/\/www.df.unipi.it\/didattica\/wp-json\/wp\/v2\/comments?post=670"}],"version-history":[{"count":225,"href":"https:\/\/www.df.unipi.it\/didattica\/wp-json\/wp\/v2\/pages\/670\/revisions"}],"predecessor-version":[{"id":8078,"href":"https:\/\/www.df.unipi.it\/didattica\/wp-json\/wp\/v2\/pages\/670\/revisions\/8078"}],"up":[{"embeddable":true,"href":"https:\/\/www.df.unipi.it\/didattica\/wp-json\/wp\/v2\/pages\/657"}],"wp:attachment":[{"href":"https:\/\/www.df.unipi.it\/didattica\/wp-json\/wp\/v2\/media?parent=670"}],"curies":[{"name":"wp","href":"https:\/\/api.w.org\/{rel}","templated":true}]}}