{"id":672,"date":"2022-05-27T17:27:52","date_gmt":"2022-05-27T15:27:52","guid":{"rendered":"https:\/\/www.df.unipi.it\/didattica\/?page_id=672"},"modified":"2026-04-14T22:37:45","modified_gmt":"2026-04-14T20:37:45","slug":"scuole-estive-invernali","status":"publish","type":"page","link":"https:\/\/www.df.unipi.it\/didattica\/studiare-all-estero\/scuole-estive-invernali\/","title":{"rendered":"Scuole Estive e Invernali"},"content":{"rendered":"\n<p>Le Scuole Estive e Invernali (Summer\/Winter Schools) sono percorsi formativi intensivi destinati a studentesse e studenti italiani e internazionali, caratterizzati da una erogazione della didattica non convenzionale (per esempio, workshop, tutorial, escursioni, eventi culturali) e un approccio multi-disciplinare.&nbsp;A seconda del caso specifico, queste attivit\u00e0 possono essere di interesse per chi frequenta la Triennale, la Magistrale, o anche per chi \u00e8 neolaureato o ha gi\u00e0 iniziato o perfino finito un Dottorato.<\/p>\n\n\n\n<div class=\"wp-block-pb-accordion-item c-accordion__item js-accordion-item no-js is-open\" data-initially-open=\"true\" data-click-to-close=\"true\" data-auto-close=\"true\" data-scroll=\"false\" data-scroll-offset=\"0\" id=\"opportunita\"><h5 id=\"at-6720\" class=\"c-accordion__title js-accordion-controller\" role=\"button\">Quali Scuole Estive e Invernali<\/h5><div id=\"ac-6720\" class=\"c-accordion__content\">\n<p>Gli elenchi linkati a seguire riportano Scuole che il Dipartimento ha individuato come idonee per qualit\u00e0 scientifico-formativa e che offrono un supporto finanziario per le spese di viaggio e alloggio. Consigliamo di controllare le condizioni specifiche del programma di interesse, e in particolare <em>a chi \u00e8 destinata la Scuola<\/em>.<\/p>\n\n\n\n<ul class=\"wp-block-list\">\n<li><a href=\"https:\/\/docs.google.com\/spreadsheets\/d\/1aXyI4xKLGFDKlIfCG0ZtN4f2Yk7GhzLQltldE7XG4dM\/edit#gid=0\"><strong>Scuole Estive di lunga durata (oltre 1 mese)<\/strong><\/a><\/li>\n\n\n\n<li><a href=\"https:\/\/docs.google.com\/spreadsheets\/d\/1HfHmm67ASSzzy4cY-_irbnl5pYCSGTe25dIU6f2svvo\/edit#gid=0\"><strong>Scuole Estive di breve durata (da 1 a 4 settimane)<\/strong><\/a><\/li>\n<\/ul>\n\n\n\n<p>Il Dipartimento non ha in generale nessuna connessione con queste scuole, a parte quelle indicate sul <a href=\"https:\/\/www.unipi.it\/didattica\/corsi\/summer-schools\/\">sito dell\u2019Universit\u00e0 di Pisa<\/a>. Chi desidera vedersi riconosciuta una Scuola diversa da quelle proposte, deve comunicarlo via email al <a href=\"mailto:francesco.forti@unipi.it\">Prof. Francesco Forti<\/a>, che valuter\u00e0 la qualit\u00e0 formativa generale della Scuola e il rispetto di alcuni criteri generali. In particolare vengono accettate solo Scuole che garantiscono un supporto finanziario per gli studenti. Le Scuole proposte, se accettate, verranno successivamente inserite nella lista.<\/p>\n<\/div><\/div>\n\n\n\n<div class=\"wp-block-pb-accordion-item c-accordion__item js-accordion-item no-js\" data-initially-open=\"false\" data-click-to-close=\"true\" data-auto-close=\"true\" data-scroll=\"false\" data-scroll-offset=\"0\" id=\"partecipare\"><h5 id=\"at-6721\" class=\"c-accordion__title js-accordion-controller\" role=\"button\">Prima di partecipare <\/h5><div id=\"ac-6721\" class=\"c-accordion__content\">\n<p>Il percorso che porta al riconoscimento richiede i seguenti passaggi:<\/p>\n\n\n\n<ul class=\"wp-block-list\">\n<li>verificare che la Scuola rientri fra quelle ammesse al riconoscimento, o richiederne l\u2019inclusione. Dettagli disponibili nella sezione precedente.<\/li>\n\n\n\n<li>le Scuole prevedono in generale una selezione, per cui \u00e8 necessario inviare la domanda entro le scadenze indicate. Controllare sempre sul sito della scuola la scadenza effettiva.<\/li>\n\n\n\n<li>la Scuola va inserita ed approvata nel Piano di Studi (PdS). Per scuole non inserite nella lista del dipartimento si raccomanda di verificare l\u2019ammissibilita\u2019 con congruo anticipo.<\/li>\n<\/ul>\n\n\n\n<p>L\u2019approvazione del PdS garantisce la validit\u00e0 della copertura assicurativa durante la Scuola ed \u00e8 anche importante per il successivo riconoscimento in carriera. Tutti i passaggi devono essere effettuati <strong><em>prima<\/em><\/strong> dello svolgimento della scuola.<\/p>\n<\/div><\/div>\n\n\n\n<div class=\"wp-block-pb-accordion-item c-accordion__item js-accordion-item no-js\" data-initially-open=\"false\" data-click-to-close=\"true\" data-auto-close=\"true\" data-scroll=\"false\" data-scroll-offset=\"0\"><h5 id=\"at-6722\" class=\"c-accordion__title js-accordion-controller\" role=\"button\">Riconoscimento dei crediti formativi<\/h5><div id=\"ac-6722\" class=\"c-accordion__content\">\n<p><strong>Al termine <\/strong>della Scuola (e possibilmente <strong>non oltre la prima settimana di ottobre<\/strong> per motivi di rendicontazione interna) \u00e8 necessario allegare al PdS approvato il certificato di partecipazione e inviare una mail a <a href=\"mailto:erasmus@df.unipi.it\">erasmus@df.unipi.it<\/a> con oggetto \u201cS\/W School\u201d indicando la Scuola da riconoscere in carriera e un link al proprio PdS sul portale CAPS.<\/p>\n\n\n\n<p><span style=\"margin: 0px;padding: 0px\"><strong>Quanti CFU<\/strong>. Il numero di crediti riconosciuti non corrisponde necessariamente a quello eventualmente dichiarato dalla Scuola, e va da&nbsp;<strong>3 CFU<\/strong>&nbsp;(per Scuole fino a 2 settimane) fino a un massimo di&nbsp;<strong>6 CFU<\/strong>&nbsp;(per Scuole pi\u00f9 lunghe).<\/span><\/p>\n\n\n\n<p><strong>Massimo 6 CFU<\/strong>. Questo \u00e8 il massimo numero di crediti che pu\u00f2 essere riconosciuto in carriera seguendo una o pi\u00f9 Scuole. Ovviamente \u00e8 sempre possibile partecipare ad ulteriori Scuole, ma queste potranno solo essere eventualmente registrate come esami sovrannumerari.<\/p>\n\n\n\n<p><strong>Scuole per la Triennale.<\/strong> Le Scuole adatte alla Triennale sono tipicamente brevi e da 3CFU, e come tali sono spesso difficili da combinare con altri esami per raggiungere il totale richiesto di 180CFU e potrebbero finire quindi fra gli esami sovrannumerari. Per evitarlo \u00e8 possibile:<\/p>\n\n\n\n<ol class=\"wp-block-list\">\n<li>Fare una Tesi triennale su un argomento svolto durante la Scuola, vedendo riconosciuta l&#8217;esperienza internazionale come parte dei 3CFU previsti;<\/li>\n\n\n\n<li>Integrare con una ulteriore attivit\u00e0 da 3CFU e fare rientrare il tutto in carriera al posto di uno dei due esami a scelta da 6CFU previsti;<\/li>\n<\/ol>\n\n\n\n<p>Nel raro caso di una Scuola da 6CFU compatibile con la Triennale, \u00e8 ovviamente possibile contarla direttamente come esame a scelta.<\/p>\n<\/div><\/div>\n\n\n\n<div data-wp-context=\"{ &quot;autoclose&quot;: false, &quot;accordionItems&quot;: [] }\" data-wp-interactive=\"core\/accordion\" role=\"group\" class=\"wp-block-accordion is-layout-flow wp-block-accordion-is-layout-flow\">\n<div data-wp-class--is-open=\"state.isOpen\" data-wp-context=\"{ &quot;id&quot;: &quot;accordion-item-1&quot;, &quot;openByDefault&quot;: false }\" data-wp-init=\"callbacks.initAccordionItems\" data-wp-on-window--hashchange=\"callbacks.hashChange\" class=\"wp-block-accordion-item is-layout-flow wp-block-accordion-item-is-layout-flow\">\n<h5 class=\"wp-block-accordion-heading\"><button aria-expanded=\"false\" aria-controls=\"accordion-item-1-panel\" data-wp-bind--aria-expanded=\"state.isOpen\" data-wp-on--click=\"actions.toggle\" data-wp-on--keydown=\"actions.handleKeyDown\" id=\"accordion-item-1\" type=\"button\" class=\"wp-block-accordion-heading__toggle\"><span class=\"wp-block-accordion-heading__toggle-title\">Supporto finanziario per la partecipazione ad una scuola<\/span><span class=\"wp-block-accordion-heading__toggle-icon\" aria-hidden=\"true\">+<\/span><\/button><\/h5>\n\n\n\n<div inert aria-labelledby=\"accordion-item-1\" data-wp-bind--inert=\"!state.isOpen\" id=\"accordion-item-1-panel\" role=\"region\" class=\"wp-block-accordion-panel is-layout-flow wp-block-accordion-panel-is-layout-flow\">\n<p>Non esistono fondi dipartimentale per supportare la partecipazione a scuole che non offrono supporto proprio. Eventuali schemi di supporto finanziario per la partecipazione ad una Scuola sono indicati nella pagina che illustra le opportunit\u00e0 di Mobilit\u00e0 studentesca. In generale, tuttavia, si accettano solo le scuole che offrono il supporto per gli studenti.<\/p>\n<\/div>\n<\/div>\n<\/div>\n\n\n\n<p>Per ulteriori informazioni sulle Scuole, contattare il <a href=\"mailto:francesco.forti@unipi.it\" target=\"_blank\" rel=\"noreferrer noopener\">Prof. Francesco Forti<\/a>.<br>Per questioni amministrative, contattare il front-office dell\u2019<a href=\"https:\/\/www.df.unipi.it\/didattica\/contatti\/\">Ufficio Internazionalizzazione<\/a>.<br>Il Coordinatore Area Internazionalizzazione (CAI) \u00e8 il <a href=\"mailto:andrea.rizzi@unipi.it\">Prof. Andrea Rizzi<\/a>.<\/p>\n\n\n<div class=\"wp-block-image\">\n<figure class=\"aligncenter size-full\"><img loading=\"lazy\" decoding=\"async\" width=\"220\" height=\"175\" src=\"https:\/\/www.df.unipi.it\/didattica\/wp-content\/uploads\/sites\/3\/2025\/05\/summerschoolban.jpg\" alt=\"\" class=\"wp-image-5012\" \/><\/figure>\n<\/div>","protected":false},"excerpt":{"rendered":"<p>Le Scuole Estive e Invernali (Summer\/Winter Schools) sono percorsi formativi intensivi destinati a studentesse e studenti italiani e internazionali, caratterizzati&hellip;<\/p>\n<p><a class=\"btn btn-dark btn-sm unipi-read-more-link\" href=\"https:\/\/www.df.unipi.it\/didattica\/studiare-all-estero\/scuole-estive-invernali\/\">Leggi tutto&#8230;<\/a><\/p>\n","protected":false},"author":68,"featured_media":0,"parent":1537,"menu_order":10,"comment_status":"closed","ping_status":"closed","template":"","meta":{"_acf_changed":false,"footnotes":""},"class_list":["post-672","page","type-page","status-publish","hentry"],"acf":[],"jetpack_sharing_enabled":true,"publishpress_future_action":{"enabled":false,"date":"2026-04-26 06:44:05","action":"change-status","newStatus":"draft","terms":[],"taxonomy":"translation_priority","extraData":[]},"publishpress_future_workflow_manual_trigger":{"enabledWorkflows":[]},"_links":{"self":[{"href":"https:\/\/www.df.unipi.it\/didattica\/wp-json\/wp\/v2\/pages\/672","targetHints":{"allow":["GET"]}}],"collection":[{"href":"https:\/\/www.df.unipi.it\/didattica\/wp-json\/wp\/v2\/pages"}],"about":[{"href":"https:\/\/www.df.unipi.it\/didattica\/wp-json\/wp\/v2\/types\/page"}],"author":[{"embeddable":true,"href":"https:\/\/www.df.unipi.it\/didattica\/wp-json\/wp\/v2\/users\/68"}],"replies":[{"embeddable":true,"href":"https:\/\/www.df.unipi.it\/didattica\/wp-json\/wp\/v2\/comments?post=672"}],"version-history":[{"count":85,"href":"https:\/\/www.df.unipi.it\/didattica\/wp-json\/wp\/v2\/pages\/672\/revisions"}],"predecessor-version":[{"id":8054,"href":"https:\/\/www.df.unipi.it\/didattica\/wp-json\/wp\/v2\/pages\/672\/revisions\/8054"}],"up":[{"embeddable":true,"href":"https:\/\/www.df.unipi.it\/didattica\/wp-json\/wp\/v2\/pages\/1537"}],"wp:attachment":[{"href":"https:\/\/www.df.unipi.it\/didattica\/wp-json\/wp\/v2\/media?parent=672"}],"curies":[{"name":"wp","href":"https:\/\/api.w.org\/{rel}","templated":true}]}}