{"id":838,"date":"2022-05-28T00:15:38","date_gmt":"2022-05-27T22:15:38","guid":{"rendered":"https:\/\/www.df.unipi.it\/ricerca\/research-areas\/fundamental-interactions\/"},"modified":"2023-07-20T14:20:34","modified_gmt":"2023-07-20T12:20:34","slug":"fundamental-interactions","status":"publish","type":"page","link":"https:\/\/www.df.unipi.it\/ricerca\/en\/research-areas\/fundamental-interactions\/","title":{"rendered":"Fundamental Interactions"},"content":{"rendered":"\n<p>The research activity in the area of Fundamental Interactions is carried out in strong connection with the <span style=\"color: #0000ff;\"><u><a href=\"https:\/\/www.pi.infn.it\/?page_id=39&amp;lang=en\">Pisa branch of the National Institute of Nuclear Physics<\/a><\/u><\/span> (INFN) and pursues the experimental and phenomenological characterization of forces between elementary particles in Nature.<\/p>\n\n\n\n<p>Such investigations span customarily over electro-magnetic and nuclear interactions, and more recently they have been extended to the experimental study of large-scale gravitational interactions. The phenomenology of these interactions is generally well-described by the Standard Model of Fundamental Interactions, which nonetheless is incomplete from both the theoretical and the experimental point of view, being unable to provide satisfactory explanations for many phenomena, such as dark matter and dark energy, the huge differences in particle masses, the predominance of matter over anti-matter in the present Universe. The experimental research of phenomena that can help complete the Standard Model description is one of the focal points of the activities in the area, in strong connection with the theory area.<\/p>\n\n\n\n<p><strong>Scientific activities are mostly performed within international collaborations<\/strong>, often involved in experiments hosted by research laboratories for elementary particle physics, nuclear physics and gravitational waves.<\/p>\n\n\n\n<p>Specific topics under investigation are vastly different, spanning over all the main sectors at the frontier of knowledge in the field, subdivided in energy frontier, intensity frontier and cosmic frontier. They can be schematically grouped as follows:<\/p>\n\n\n\n<p><strong>Research based on particle accelerators<\/strong>, with experiments focused on the test of the Standard Model, the measurement of its free parameters and the search for new physics phenomena (<a href=\"https:\/\/www.pi.infn.it\/?page_id=28\">link<\/a>):<\/p>\n\n\n\n<ul class=\"wp-block-list\">\n<li>research at energy frontier, both through direct production of new particles, and indirectly through precision measurements (experiments ATLAS, CMS, TOTEM, at <a href=\"https:\/\/home.cern\/\">CERN<\/a>);<\/li>\n\n\n\n<li>research at the intensity frontier in processes changing the hadronic flavor at hadron or lepton colliders (experiments LHCb at CERN, Belle II at <a href=\"https:\/\/www.kek.jp\/en\/\">KEK<\/a>) and in fixed-target reactions (experiment NA62 at CERN);<\/li>\n\n\n\n<li>research at the intensity frontier in lepton-flavour violating processes (experiments MEG at <a href=\"https:\/\/www.psi.ch\/de\">PSI<\/a>, Mu2e at <a href=\"https:\/\/www.fnal.gov\/\">Fermilab<\/a>), and precision measurements of static properties of the muon (experiment muon g-2 at Fermilab, project MuonE at CERN).<\/li>\n<\/ul>\n\n\n\n<p>More information: <a href=\"https:\/\/www.pi.infn.it\/?page_id=28\">https:\/\/www.pi.infn.it\/?page_id=28<\/a>.<\/p>\n\n\n\n<figure class=\"wp-block-image size-large\"><img loading=\"lazy\" decoding=\"async\" width=\"1110\" height=\"278\" src=\"https:\/\/www.df.unipi.it\/ricerca\/wp-content\/uploads\/sites\/6\/2023\/03\/12-CMS-1110x278.jpg\" alt=\"\" class=\"wp-image-1534\" srcset=\"https:\/\/www.df.unipi.it\/ricerca\/wp-content\/uploads\/sites\/6\/2023\/03\/12-CMS-1110x278.jpg 1110w, https:\/\/www.df.unipi.it\/ricerca\/wp-content\/uploads\/sites\/6\/2023\/03\/12-CMS-720x180.jpg 720w, https:\/\/www.df.unipi.it\/ricerca\/wp-content\/uploads\/sites\/6\/2023\/03\/12-CMS-768x192.jpg 768w, https:\/\/www.df.unipi.it\/ricerca\/wp-content\/uploads\/sites\/6\/2023\/03\/12-CMS-1536x384.jpg 1536w, https:\/\/www.df.unipi.it\/ricerca\/wp-content\/uploads\/sites\/6\/2023\/03\/12-CMS.jpg 1920w\" sizes=\"auto, (max-width: 1110px) 100vw, 1110px\" \/><figcaption class=\"wp-element-caption\">CMS detector in open configuration, with the beam pipe running across one endcap (right) and the barrel (left) sections.<\/figcaption><\/figure>\n\n\n\n<figure class=\"wp-block-image size-large\"><img loading=\"lazy\" decoding=\"async\" width=\"1110\" height=\"551\" src=\"https:\/\/www.df.unipi.it\/ricerca\/wp-content\/uploads\/sites\/6\/2023\/03\/28-1110x551.jpg\" alt=\"\" class=\"wp-image-1552\" srcset=\"https:\/\/www.df.unipi.it\/ricerca\/wp-content\/uploads\/sites\/6\/2023\/03\/28-1110x551.jpg 1110w, https:\/\/www.df.unipi.it\/ricerca\/wp-content\/uploads\/sites\/6\/2023\/03\/28-720x357.jpg 720w, https:\/\/www.df.unipi.it\/ricerca\/wp-content\/uploads\/sites\/6\/2023\/03\/28-768x381.jpg 768w, https:\/\/www.df.unipi.it\/ricerca\/wp-content\/uploads\/sites\/6\/2023\/03\/28-1536x762.jpg 1536w, https:\/\/www.df.unipi.it\/ricerca\/wp-content\/uploads\/sites\/6\/2023\/03\/28.jpg 1920w\" sizes=\"auto, (max-width: 1110px) 100vw, 1110px\" \/><figcaption class=\"wp-element-caption\">A cutout view of the Belle II experiment Vertex Detector. The pixel detector, at the center, is surrounded by four layers of double-sided silicon strip detectors. The outer diameter is approximately 30 cm.<\/figcaption><\/figure>\n\n\n\n<figure class=\"wp-block-image size-large\"><img loading=\"lazy\" decoding=\"async\" width=\"1110\" height=\"788\" src=\"https:\/\/www.df.unipi.it\/ricerca\/wp-content\/uploads\/sites\/6\/2023\/03\/29-1110x788.png\" alt=\"\" class=\"wp-image-1589\" srcset=\"https:\/\/www.df.unipi.it\/ricerca\/wp-content\/uploads\/sites\/6\/2023\/03\/29-1110x788.png 1110w, https:\/\/www.df.unipi.it\/ricerca\/wp-content\/uploads\/sites\/6\/2023\/03\/29-720x511.png 720w, https:\/\/www.df.unipi.it\/ricerca\/wp-content\/uploads\/sites\/6\/2023\/03\/29-768x545.png 768w, https:\/\/www.df.unipi.it\/ricerca\/wp-content\/uploads\/sites\/6\/2023\/03\/29-1536x1091.png 1536w, https:\/\/www.df.unipi.it\/ricerca\/wp-content\/uploads\/sites\/6\/2023\/03\/29.png 1829w\" sizes=\"auto, (max-width: 1110px) 100vw, 1110px\" \/><figcaption class=\"wp-element-caption\">Scheme of the MEG II experiment. Photons and positrons from the decay of muons are stopped in a target placed at the center of the detector system and are measured by the liquid Xe detector and the positron spectrometer embedding a superconducting magnet. <a href=\"https:\/\/doi.org\/10.3390\/sym13091591\">Symmetry 13, 1591 (2021)<\/a>.<\/figcaption><\/figure>\n\n\n\n<p><strong>Research based on cosmic radiation<\/strong> in underground laboratories, high atmosphere or space, focused on the search for new astrophysical phenomena or issues related to cosmological-scale processes (<a href=\"https:\/\/www.pi.infn.it\/?page_id=2263\">link<\/a>), carried out in collaboration with the astrophysics area:<\/p>\n\n\n\n<ul class=\"wp-block-list\">\n<li>experiments on charged cosmic radiation (CALET, MAGIC, AMS-02), high-energy electromagnetic radiation, including gamma rays (CTA, Fermi) and X-ray polarization studies (IXPE, e-XTP), neutrinos of astrophysical origin (KM3NeT);<\/li>\n\n\n\n<li>measurement of the properties of the cosmic microwave background radiation (LiteBIRD, LSPE);<\/li>\n\n\n\n<li>direct search of dark matter (Darkside at <a href=\"https:\/\/www.lngs.infn.it\/en\">LNGS<\/a>) and of exotic particles of cosmic relevance such as axions (QUAX, STAX, AXIOMA);<\/li>\n\n\n\n<li>Gravitation physics research, through direct detection of gravitational waves (VIRGO at <a href=\"https:\/\/www.ego-gw.it\/home_page_ita\/\">EGO<\/a>, Einstein telescope) and tests of general relativity (GG, <a href=\"https:\/\/web.infn.it\/GINGER\/index.php\/it\/home\">GINGER<\/a>, MAGIA).<\/li>\n<\/ul>\n\n\n\n<figure class=\"wp-block-image size-large\"><img loading=\"lazy\" decoding=\"async\" width=\"1110\" height=\"386\" src=\"https:\/\/www.df.unipi.it\/ricerca\/wp-content\/uploads\/sites\/6\/2023\/03\/10-1110x386.png\" alt=\"\" class=\"wp-image-1525\" srcset=\"https:\/\/www.df.unipi.it\/ricerca\/wp-content\/uploads\/sites\/6\/2023\/03\/10-1110x386.png 1110w, https:\/\/www.df.unipi.it\/ricerca\/wp-content\/uploads\/sites\/6\/2023\/03\/10-720x250.png 720w, https:\/\/www.df.unipi.it\/ricerca\/wp-content\/uploads\/sites\/6\/2023\/03\/10-768x267.png 768w, https:\/\/www.df.unipi.it\/ricerca\/wp-content\/uploads\/sites\/6\/2023\/03\/10-1536x534.png 1536w, https:\/\/www.df.unipi.it\/ricerca\/wp-content\/uploads\/sites\/6\/2023\/03\/10.png 1920w\" sizes=\"auto, (max-width: 1110px) 100vw, 1110px\" \/><figcaption class=\"wp-element-caption\">Aerial view of the Advanced Virgo interferometer at EGO near Pisa, and Virgo tunnel. Credits: EGO\/Virgo<\/figcaption><\/figure>\n\n\n\n<figure class=\"wp-block-image size-large\"><img loading=\"lazy\" decoding=\"async\" width=\"1110\" height=\"374\" src=\"https:\/\/www.df.unipi.it\/ricerca\/wp-content\/uploads\/sites\/6\/2023\/03\/16finale-1110x374.png\" alt=\"\" class=\"wp-image-1557\" srcset=\"https:\/\/www.df.unipi.it\/ricerca\/wp-content\/uploads\/sites\/6\/2023\/03\/16finale-1110x374.png 1110w, https:\/\/www.df.unipi.it\/ricerca\/wp-content\/uploads\/sites\/6\/2023\/03\/16finale-720x243.png 720w, https:\/\/www.df.unipi.it\/ricerca\/wp-content\/uploads\/sites\/6\/2023\/03\/16finale-768x259.png 768w, https:\/\/www.df.unipi.it\/ricerca\/wp-content\/uploads\/sites\/6\/2023\/03\/16finale-1536x517.png 1536w, https:\/\/www.df.unipi.it\/ricerca\/wp-content\/uploads\/sites\/6\/2023\/03\/16finale.png 1600w\" sizes=\"auto, (max-width: 1110px) 100vw, 1110px\" \/><figcaption class=\"wp-element-caption\">Left: Photograph of the IXPE observatory, fully integrated, during the final tests prior to the installation inside the fairing of the launch vehicle&#8212;<a href=\"https:\/\/en.wikipedia.org\/wiki\/Falcon_9\">a Falcon 9 by Space X<\/a>. Credit: Ball Aerospace. <a href=\"https:\/\/doi.org\/10.1117\/1.JATIS.8.2.026002\">Journal of Astronomical Telescopes, Instruments, and Systems 8, 026002 (2022)<\/a>. Right: Image of a real photo-electron track recorded by one of the gas pixel detectors onboard IXPE (each hexagonal pixel is 50 micrometer-across). The photon polarization is recovered through the reconstruction of the emission direction of the track.<\/figcaption><\/figure>\n\n\n\n<p>Most of these experiments are supported through INFN and dedicated funding obtained via local, national and international competitive grants, and belong to inter-disciplinary projects of national or international interest.<\/p>\n\n\n\n<p>Cross-field research and development activities synergistic with the experimental areas of condensed matter and medical physics also exist, developing innovative detection techniques, instruments for data selection and acquisition in extreme conditions in terms of environment or performance, advanced techniques for data analysis, as well as instruments focused on technological applications (<a href=\"https:\/\/www.pi.infn.it\/?page_id=2445\">link<\/a>).<\/p>\n\n\n\n<p>Among strategic activities are also research and development linked to the conception and design of new large infrastructures such as high-energy particle colliders, under discussion in the international scientific community. The directions of the international strategies for fundamental interaction physics will provide guidance for the activities of the area, keeping in mind that many of the existing experiments have multi-year programs and commitments.<\/p>\n\n\n\n<p>It is foreseen a growth in the synergistic activity across the various experiments and in the interdisciplinary collaborations.<\/p>\n","protected":false},"excerpt":{"rendered":"<p>The research activity in the area of Fundamental Interactions is carried out in strong connection with the Pisa branch of&hellip;<\/p>\n<p><a class=\"btn btn-dark btn-sm unipi-read-more-link\" href=\"https:\/\/www.df.unipi.it\/ricerca\/en\/research-areas\/fundamental-interactions\/\">Read More&#8230;<\/a><\/p>\n","protected":false},"author":1,"featured_media":0,"parent":832,"menu_order":0,"comment_status":"closed","ping_status":"closed","template":"","meta":{"_acf_changed":false,"footnotes":""},"class_list":["post-838","page","type-page","status-publish","hentry"],"acf":[],"yoast_head":"<!-- This site is optimized with the Yoast SEO plugin v27.4 - https:\/\/yoast.com\/product\/yoast-seo-wordpress\/ -->\n<title>Fundamental Interactions - Ricerca - Unipi<\/title>\n<meta name=\"description\" content=\"L&#039;attivit\u00e0 di ricerca in Interazioni fondamentali del Dipartimento di Fisica dell\u00ecUniverisit\u00e0 di Pisa. Leggi di pi\u00f9.\" \/>\n<meta name=\"robots\" content=\"index, follow, max-snippet:-1, max-image-preview:large, max-video-preview:-1\" \/>\n<link rel=\"canonical\" href=\"https:\/\/www.df.unipi.it\/ricerca\/en\/research-areas\/fundamental-interactions\/\" \/>\n<meta property=\"og:locale\" content=\"en_US\" \/>\n<meta property=\"og:type\" content=\"article\" \/>\n<meta property=\"og:title\" content=\"Fundamental Interactions - Ricerca - Unipi\" \/>\n<meta property=\"og:description\" content=\"L&#039;attivit\u00e0 di ricerca in Interazioni fondamentali del Dipartimento di Fisica dell\u00ecUniverisit\u00e0 di Pisa. Leggi di pi\u00f9.\" \/>\n<meta property=\"og:url\" content=\"https:\/\/www.df.unipi.it\/ricerca\/en\/research-areas\/fundamental-interactions\/\" \/>\n<meta property=\"og:site_name\" content=\"Ricerca\" \/>\n<meta property=\"article:modified_time\" content=\"2023-07-20T12:20:34+00:00\" \/>\n<meta property=\"og:image\" content=\"https:\/\/www.df.unipi.it\/ricerca\/wp-content\/uploads\/sites\/6\/2023\/03\/12-CMS-1110x278.jpg\" \/>\n<meta name=\"twitter:card\" content=\"summary_large_image\" \/>\n<script type=\"application\/ld+json\" class=\"yoast-schema-graph\">{\"@context\":\"https:\\\/\\\/schema.org\",\"@graph\":[{\"@type\":\"WebPage\",\"@id\":\"https:\\\/\\\/www.df.unipi.it\\\/ricerca\\\/en\\\/research-areas\\\/fundamental-interactions\\\/\",\"url\":\"https:\\\/\\\/www.df.unipi.it\\\/ricerca\\\/en\\\/research-areas\\\/fundamental-interactions\\\/\",\"name\":\"Fundamental Interactions - Ricerca - Unipi\",\"isPartOf\":{\"@id\":\"https:\\\/\\\/www.df.unipi.it\\\/ricerca\\\/en\\\/#website\"},\"primaryImageOfPage\":{\"@id\":\"https:\\\/\\\/www.df.unipi.it\\\/ricerca\\\/en\\\/research-areas\\\/fundamental-interactions\\\/#primaryimage\"},\"image\":{\"@id\":\"https:\\\/\\\/www.df.unipi.it\\\/ricerca\\\/en\\\/research-areas\\\/fundamental-interactions\\\/#primaryimage\"},\"thumbnailUrl\":\"https:\\\/\\\/www.df.unipi.it\\\/ricerca\\\/wp-content\\\/uploads\\\/sites\\\/6\\\/2023\\\/03\\\/12-CMS-1110x278.jpg\",\"datePublished\":\"2022-05-27T22:15:38+00:00\",\"dateModified\":\"2023-07-20T12:20:34+00:00\",\"description\":\"L'attivit\u00e0 di ricerca in Interazioni fondamentali del Dipartimento di Fisica dell\u00ecUniverisit\u00e0 di Pisa. Leggi di pi\u00f9.\",\"breadcrumb\":{\"@id\":\"https:\\\/\\\/www.df.unipi.it\\\/ricerca\\\/en\\\/research-areas\\\/fundamental-interactions\\\/#breadcrumb\"},\"inLanguage\":\"en-US\",\"potentialAction\":[{\"@type\":\"ReadAction\",\"target\":[\"https:\\\/\\\/www.df.unipi.it\\\/ricerca\\\/en\\\/research-areas\\\/fundamental-interactions\\\/\"]}]},{\"@type\":\"ImageObject\",\"inLanguage\":\"en-US\",\"@id\":\"https:\\\/\\\/www.df.unipi.it\\\/ricerca\\\/en\\\/research-areas\\\/fundamental-interactions\\\/#primaryimage\",\"url\":\"https:\\\/\\\/www.df.unipi.it\\\/ricerca\\\/wp-content\\\/uploads\\\/sites\\\/6\\\/2023\\\/03\\\/12-CMS-1110x278.jpg\",\"contentUrl\":\"https:\\\/\\\/www.df.unipi.it\\\/ricerca\\\/wp-content\\\/uploads\\\/sites\\\/6\\\/2023\\\/03\\\/12-CMS-1110x278.jpg\"},{\"@type\":\"BreadcrumbList\",\"@id\":\"https:\\\/\\\/www.df.unipi.it\\\/ricerca\\\/en\\\/research-areas\\\/fundamental-interactions\\\/#breadcrumb\",\"itemListElement\":[{\"@type\":\"ListItem\",\"position\":1,\"name\":\"Home\",\"item\":\"https:\\\/\\\/www.df.unipi.it\\\/ricerca\\\/en\\\/\"},{\"@type\":\"ListItem\",\"position\":2,\"name\":\"Research areas\",\"item\":\"https:\\\/\\\/www.df.unipi.it\\\/ricerca\\\/en\\\/research-areas\\\/\"},{\"@type\":\"ListItem\",\"position\":3,\"name\":\"Fundamental Interactions\"}]},{\"@type\":\"WebSite\",\"@id\":\"https:\\\/\\\/www.df.unipi.it\\\/ricerca\\\/en\\\/#website\",\"url\":\"https:\\\/\\\/www.df.unipi.it\\\/ricerca\\\/en\\\/\",\"name\":\"Ricerca\",\"description\":\"Dipartimento di Matematica - Universit\u00e0 di Pisa\",\"potentialAction\":[{\"@type\":\"SearchAction\",\"target\":{\"@type\":\"EntryPoint\",\"urlTemplate\":\"https:\\\/\\\/www.df.unipi.it\\\/ricerca\\\/en\\\/?s={search_term_string}\"},\"query-input\":{\"@type\":\"PropertyValueSpecification\",\"valueRequired\":true,\"valueName\":\"search_term_string\"}}],\"inLanguage\":\"en-US\"}]}<\/script>\n<!-- \/ Yoast SEO plugin. -->","yoast_head_json":{"title":"Fundamental Interactions - Ricerca - Unipi","description":"L'attivit\u00e0 di ricerca in Interazioni fondamentali del Dipartimento di Fisica dell\u00ecUniverisit\u00e0 di Pisa. Leggi di pi\u00f9.","robots":{"index":"index","follow":"follow","max-snippet":"max-snippet:-1","max-image-preview":"max-image-preview:large","max-video-preview":"max-video-preview:-1"},"canonical":"https:\/\/www.df.unipi.it\/ricerca\/en\/research-areas\/fundamental-interactions\/","og_locale":"en_US","og_type":"article","og_title":"Fundamental Interactions - Ricerca - Unipi","og_description":"L'attivit\u00e0 di ricerca in Interazioni fondamentali del Dipartimento di Fisica dell\u00ecUniverisit\u00e0 di Pisa. Leggi di pi\u00f9.","og_url":"https:\/\/www.df.unipi.it\/ricerca\/en\/research-areas\/fundamental-interactions\/","og_site_name":"Ricerca","article_modified_time":"2023-07-20T12:20:34+00:00","og_image":[{"url":"https:\/\/www.df.unipi.it\/ricerca\/wp-content\/uploads\/sites\/6\/2023\/03\/12-CMS-1110x278.jpg","type":"","width":"","height":""}],"twitter_card":"summary_large_image","schema":{"@context":"https:\/\/schema.org","@graph":[{"@type":"WebPage","@id":"https:\/\/www.df.unipi.it\/ricerca\/en\/research-areas\/fundamental-interactions\/","url":"https:\/\/www.df.unipi.it\/ricerca\/en\/research-areas\/fundamental-interactions\/","name":"Fundamental Interactions - Ricerca - Unipi","isPartOf":{"@id":"https:\/\/www.df.unipi.it\/ricerca\/en\/#website"},"primaryImageOfPage":{"@id":"https:\/\/www.df.unipi.it\/ricerca\/en\/research-areas\/fundamental-interactions\/#primaryimage"},"image":{"@id":"https:\/\/www.df.unipi.it\/ricerca\/en\/research-areas\/fundamental-interactions\/#primaryimage"},"thumbnailUrl":"https:\/\/www.df.unipi.it\/ricerca\/wp-content\/uploads\/sites\/6\/2023\/03\/12-CMS-1110x278.jpg","datePublished":"2022-05-27T22:15:38+00:00","dateModified":"2023-07-20T12:20:34+00:00","description":"L'attivit\u00e0 di ricerca in Interazioni fondamentali del Dipartimento di Fisica dell\u00ecUniverisit\u00e0 di Pisa. Leggi di pi\u00f9.","breadcrumb":{"@id":"https:\/\/www.df.unipi.it\/ricerca\/en\/research-areas\/fundamental-interactions\/#breadcrumb"},"inLanguage":"en-US","potentialAction":[{"@type":"ReadAction","target":["https:\/\/www.df.unipi.it\/ricerca\/en\/research-areas\/fundamental-interactions\/"]}]},{"@type":"ImageObject","inLanguage":"en-US","@id":"https:\/\/www.df.unipi.it\/ricerca\/en\/research-areas\/fundamental-interactions\/#primaryimage","url":"https:\/\/www.df.unipi.it\/ricerca\/wp-content\/uploads\/sites\/6\/2023\/03\/12-CMS-1110x278.jpg","contentUrl":"https:\/\/www.df.unipi.it\/ricerca\/wp-content\/uploads\/sites\/6\/2023\/03\/12-CMS-1110x278.jpg"},{"@type":"BreadcrumbList","@id":"https:\/\/www.df.unipi.it\/ricerca\/en\/research-areas\/fundamental-interactions\/#breadcrumb","itemListElement":[{"@type":"ListItem","position":1,"name":"Home","item":"https:\/\/www.df.unipi.it\/ricerca\/en\/"},{"@type":"ListItem","position":2,"name":"Research areas","item":"https:\/\/www.df.unipi.it\/ricerca\/en\/research-areas\/"},{"@type":"ListItem","position":3,"name":"Fundamental Interactions"}]},{"@type":"WebSite","@id":"https:\/\/www.df.unipi.it\/ricerca\/en\/#website","url":"https:\/\/www.df.unipi.it\/ricerca\/en\/","name":"Ricerca","description":"Dipartimento di Matematica - Universit\u00e0 di Pisa","potentialAction":[{"@type":"SearchAction","target":{"@type":"EntryPoint","urlTemplate":"https:\/\/www.df.unipi.it\/ricerca\/en\/?s={search_term_string}"},"query-input":{"@type":"PropertyValueSpecification","valueRequired":true,"valueName":"search_term_string"}}],"inLanguage":"en-US"}]}},"jetpack_sharing_enabled":true,"publishpress_future_action":{"enabled":false,"date":"2026-04-27 11:19:30","action":"change-status","newStatus":"draft","terms":[],"taxonomy":"translation_priority","extraData":[]},"publishpress_future_workflow_manual_trigger":{"enabledWorkflows":[]},"_links":{"self":[{"href":"https:\/\/www.df.unipi.it\/ricerca\/en\/wp-json\/wp\/v2\/pages\/838","targetHints":{"allow":["GET"]}}],"collection":[{"href":"https:\/\/www.df.unipi.it\/ricerca\/en\/wp-json\/wp\/v2\/pages"}],"about":[{"href":"https:\/\/www.df.unipi.it\/ricerca\/en\/wp-json\/wp\/v2\/types\/page"}],"author":[{"embeddable":true,"href":"https:\/\/www.df.unipi.it\/ricerca\/en\/wp-json\/wp\/v2\/users\/1"}],"replies":[{"embeddable":true,"href":"https:\/\/www.df.unipi.it\/ricerca\/en\/wp-json\/wp\/v2\/comments?post=838"}],"version-history":[{"count":9,"href":"https:\/\/www.df.unipi.it\/ricerca\/en\/wp-json\/wp\/v2\/pages\/838\/revisions"}],"predecessor-version":[{"id":2119,"href":"https:\/\/www.df.unipi.it\/ricerca\/en\/wp-json\/wp\/v2\/pages\/838\/revisions\/2119"}],"up":[{"embeddable":true,"href":"https:\/\/www.df.unipi.it\/ricerca\/en\/wp-json\/wp\/v2\/pages\/832"}],"wp:attachment":[{"href":"https:\/\/www.df.unipi.it\/ricerca\/en\/wp-json\/wp\/v2\/media?parent=838"}],"curies":[{"name":"wp","href":"https:\/\/api.w.org\/{rel}","templated":true}]}}