{"id":631,"date":"2022-05-28T00:15:51","date_gmt":"2022-05-27T22:15:51","guid":{"rendered":"https:\/\/www.df.unipi.it\/ricerca\/?page_id=631"},"modified":"2023-04-18T16:16:07","modified_gmt":"2023-04-18T14:16:07","slug":"theoretical-physics","status":"publish","type":"page","link":"https:\/\/www.df.unipi.it\/ricerca\/aree-di-ricerca\/theoretical-physics\/","title":{"rendered":"Fisica Teorica"},"content":{"rendered":"\n<p>L\u2019attivit\u00e0 di ricerca dell&#8217;area teorica all&#8217;interno del Dipartimento di Fisica \u00e8 essenzialmente finalizzata allo sviluppo delle <strong>idee fondamentali della fisica e dei modelli che descrivono i fenomeni fisici, e all\u2019interpretazione dei risultati sperimentali<\/strong>. Queste attivit\u00e0 contribuiscono in maniera trasversale alle varie direttrici di ricerca, stimolando spesso una visione comune. Menzioniamo, per esempio, le <a href=\"https:\/\/sites.google.com\/a\/unipi.it\/pisa-theory-group\/research\/string-theory-quantum-gravity-and-supersymmetries\">teorie di campo<\/a> e i loro paradigmi fondamentali, che trovano applicazione in differenti contesti fisici, dalle interazioni fondamentali alla meccanica statistica e alla fisica della materia condensata.<\/p>\n\n\n\n<p>Nell&#8217;ambito della Fisica Teorica definiamo alcuni direttrici principali, quali le Interazioni Fondamentali, la Fisica Statistica e dello Stato Condensato, la Fisica dell&#8217;Universo e la Cosmologia, la Fisica Nucleare. Tali direttrici possono comunque intrecciarsi, in particolare tramite gli strumenti adottati, quali le teorie di campo quantistiche e statistiche.<\/p>\n\n\n\n<h3 class=\"wp-block-heading\">Interazioni Fondamentali<\/h3>\n\n\n\n<p>Vengono sviluppati progetti di ricerca per lo sviluppo di metodi di analisi pi\u00f9 efficaci, sia analitici che numerici, al fine di ottenere predizioni accurate da confrontare con i dati degli esperimenti in laboratorio o delle osservazioni del cosmo.&nbsp; D&#8217;altra parte \u00e8 importante mantenere linee di ricerca su possibili nuovi meccanismi fondamentali che possano fornire soluzioni soddisfacenti ai problemi ancora irrisolti, quali le fasi della materia adronica, dai quarks agli adroni, la relazione tra le propriet\u00e0 topologiche della teoria delle interazioni forti ed eventuali nuove particelle quali l\u2019assione, l&#8217;origine della materia oscura e dell&#8217;energia oscura che determina l&#8217;espansione accelerata dell&#8217;universo, la formulazione di una teoria quantistica della gravit\u00e0.<\/p>\n\n\n\n<p> Maggiori informazioni: <a href=\"https:\/\/sites.google.com\/a\/unipi.it\/pisa-theory-group\/research\/fundamental-interactions\">Interazioni Fondamentali<\/a>.<\/p>\n\n\n\n<figure class=\"wp-block-image size-large\"><img loading=\"lazy\" decoding=\"async\" width=\"1110\" height=\"545\" src=\"https:\/\/www.df.unipi.it\/ricerca\/wp-content\/uploads\/sites\/6\/2023\/03\/20-1110x545.webp\" alt=\"\" class=\"wp-image-1650\" srcset=\"https:\/\/www.df.unipi.it\/ricerca\/wp-content\/uploads\/sites\/6\/2023\/03\/20-1110x545.webp 1110w, https:\/\/www.df.unipi.it\/ricerca\/wp-content\/uploads\/sites\/6\/2023\/03\/20-720x353.webp 720w, https:\/\/www.df.unipi.it\/ricerca\/wp-content\/uploads\/sites\/6\/2023\/03\/20-768x377.webp 768w, https:\/\/www.df.unipi.it\/ricerca\/wp-content\/uploads\/sites\/6\/2023\/03\/20-1536x754.webp 1536w, https:\/\/www.df.unipi.it\/ricerca\/wp-content\/uploads\/sites\/6\/2023\/03\/20.webp 1773w\" sizes=\"auto, (max-width: 1110px) 100vw, 1110px\" \/><figcaption class=\"wp-element-caption\">Sensitivity reach from mono-W searchers at futuristic muon collider. Several prototypes of thermal dark matter (left the supersymmetric wino, right the minimal dark matter candidate) can be discovered with center of mass energy at about 30 TeV (red dots). <a href=\"https:\/\/doi.org\/10.1140\/epjc\/s10052-021-09917-9\">Eur. Phys. J. C 82, 31 (2022)<\/a>.<\/figcaption><\/figure>\n\n\n\n<h3 class=\"wp-block-heading\">Fisica Statistica e dello Stato Condensato<\/h3>\n\n\n\n<p>Nuovi aspetti fondamentali sono emersi dai recenti progressi della Fisica Sperimentale, che richiedono un ulteriore sviluppo degli strumenti teorici della Fisica Quantistica e Statistica. In questo contesto si innestano delle linee di ricerca che studiano la dinamica dei sistemi quantistici a molti corpi (isolati e in contatto con l&#8217;ambiente), i fenomeni critici e le transizioni di fase classiche e quantistiche, il ruolo delle simmetrie globali e di gauge in fenomeni emergenti, e come questi determinano le propriet\u00e0 statiche e dinamiche di un sistema statistico, quali ad esempio i diversi meccanismi di Higgs, nonch\u00e9 alcuni aspetti legati ai recenti sviluppi nell&#8217;ambito della computazione e dell&#8217;informazione quantistica.<\/p>\n\n\n\n<p>Maggiori informazioni: <a href=\"https:\/\/sites.google.com\/a\/unipi.it\/pisa-theory-group\/research\/statistical-physics-and-condensed-matter\">Fisica Statistica e dello Stato Condensato<\/a>.<\/p>\n\n\n\n<figure class=\"wp-block-image size-large\"><img loading=\"lazy\" decoding=\"async\" width=\"1110\" height=\"696\" src=\"https:\/\/www.df.unipi.it\/ricerca\/wp-content\/uploads\/sites\/6\/2023\/03\/24-4-1110x696.png\" alt=\"\" class=\"wp-image-1637\" srcset=\"https:\/\/www.df.unipi.it\/ricerca\/wp-content\/uploads\/sites\/6\/2023\/03\/24-4-1110x696.png 1110w, https:\/\/www.df.unipi.it\/ricerca\/wp-content\/uploads\/sites\/6\/2023\/03\/24-4-720x452.png 720w, https:\/\/www.df.unipi.it\/ricerca\/wp-content\/uploads\/sites\/6\/2023\/03\/24-4-768x482.png 768w, https:\/\/www.df.unipi.it\/ricerca\/wp-content\/uploads\/sites\/6\/2023\/03\/24-4.png 1342w\" sizes=\"auto, (max-width: 1110px) 100vw, 1110px\" \/><figcaption class=\"wp-element-caption\">(a) Entanglement between two regions A and B in a quantum many-body spin&nbsp;system.&nbsp;(b) Entanglement production in out-of-equilibrium&nbsp;systems. Hydrodynamic description in terms&nbsp;of&nbsp;EPR (Einstein-Podolsky-Rosen) pairs of entangled&nbsp;quasiparticles.&nbsp;<\/figcaption><\/figure>\n\n\n\n<h3 class=\"wp-block-heading\">Fisica dell&#8217;Universo e Cosmologia<\/h3>\n\n\n\n<p>Le nuove osservazioni dall&#8217;Universo aprono nuove strade di indagine, per approfondire le nostre conoscenze sull&#8217;evoluzione dell\u2019Universo, dal Big Bang alla situazione attuale, e provare a dare risposte ad alcuni dei misteri della fisica moderna, tra cui la materia e l\u2019energia oscura, il meccanismo inflattivo del primo universo, e le perturbazioni che hanno dato origine all&#8217;Universo osservato oggi. Questi temi, di grande attualit\u00e0, sono oggetto di studio all&#8217;interno della nostra area.<\/p>\n\n\n\n<p>Maggiori informazioni: <a href=\"https:\/\/sites.google.com\/a\/unipi.it\/pisa-theory-group\/research\/fundamental-interactions\">Fisica dell&#8217;Universo e Cosmologia<\/a><\/p>\n\n\n<div class=\"wp-block-image\">\n<figure class=\"aligncenter size-large\"><img loading=\"lazy\" decoding=\"async\" width=\"1032\" height=\"1024\" src=\"https:\/\/www.df.unipi.it\/ricerca\/wp-content\/uploads\/sites\/6\/2023\/03\/13-1032x1024.png\" alt=\"\" class=\"wp-image-1593\" srcset=\"https:\/\/www.df.unipi.it\/ricerca\/wp-content\/uploads\/sites\/6\/2023\/03\/13-1032x1024.png 1032w, https:\/\/www.df.unipi.it\/ricerca\/wp-content\/uploads\/sites\/6\/2023\/03\/13-706x700.png 706w, https:\/\/www.df.unipi.it\/ricerca\/wp-content\/uploads\/sites\/6\/2023\/03\/13-768x762.png 768w, https:\/\/www.df.unipi.it\/ricerca\/wp-content\/uploads\/sites\/6\/2023\/03\/13-1536x1523.png 1536w, https:\/\/www.df.unipi.it\/ricerca\/wp-content\/uploads\/sites\/6\/2023\/03\/13.png 1834w\" sizes=\"auto, (max-width: 1032px) 100vw, 1032px\" \/><figcaption class=\"wp-element-caption\">Estimate of LISA&#8217;s capability to detect whether a stellar-mass compact object inspiralling into a supermassive black hole is endowed with a scalar field. The confidence intervals and joint probability distributions of the system parameters are shown, for a scalar charge d=0.05, after one year of observation with LISA. <a href=\"https:\/\/doi.org\/10.1038\/s41550-021-01589-5\">Nature Astronomy 6,&nbsp;464 (2022)<\/a>.<\/figcaption><\/figure>\n<\/div>\n\n\n<h3 class=\"wp-block-heading\">Fisica Nucleare<\/h3>\n\n\n\n<p>Diverse tematiche vengono affrontate all&#8217;interno della Fisica Nucleare. Menzioniamo lo studio dei sistemi e delle reazioni che coinvolgono pochi nucleoni, di grande interesse astrofisico, associato alla nucleosintesi, sia dopo il Big Bang che durante l\u2019evoluzione stellare, e la fisica della materia densa all&#8217;interno delle stelle compatte, in particolare le stelle di neutroni. Questi temi sono di grande attualit\u00e0 e hanno importanti connessioni con le ricerca in ambito astrofisico e sperimentale svolta in dipartimento.<\/p>\n\n\n\n<p>Maggiori informazioni: <a href=\"https:\/\/sites.google.com\/a\/unipi.it\/pisa-theory-group\/research\/nuclear-physics\">Fisica Nucleare<\/a><\/p>\n\n\n<div class=\"wp-block-image\">\n<figure class=\"aligncenter size-large\"><img loading=\"lazy\" decoding=\"async\" width=\"1055\" height=\"1024\" src=\"https:\/\/www.df.unipi.it\/ricerca\/wp-content\/uploads\/sites\/6\/2023\/03\/14-1055x1024.png\" alt=\"\" class=\"wp-image-1599\" srcset=\"https:\/\/www.df.unipi.it\/ricerca\/wp-content\/uploads\/sites\/6\/2023\/03\/14-1055x1024.png 1055w, https:\/\/www.df.unipi.it\/ricerca\/wp-content\/uploads\/sites\/6\/2023\/03\/14-720x700.png 720w, https:\/\/www.df.unipi.it\/ricerca\/wp-content\/uploads\/sites\/6\/2023\/03\/14-768x746.png 768w, https:\/\/www.df.unipi.it\/ricerca\/wp-content\/uploads\/sites\/6\/2023\/03\/14-1536x1491.png 1536w, https:\/\/www.df.unipi.it\/ricerca\/wp-content\/uploads\/sites\/6\/2023\/03\/14.png 1622w\" sizes=\"auto, (max-width: 1055px) 100vw, 1055px\" \/><figcaption class=\"wp-element-caption\">Time evolution of a binary neutron star merger forming a dense (first row) and hot (second row) post-merger remnant having a sizeable hybrid hadronic-quark matter core (last row). <a href=\"https:\/\/doi.org\/10.1103\/PhysRevD.104.083029\">Phys. Rev. D 104, 083029 (2021)<\/a><\/figcaption><\/figure>\n<\/div>\n\n\n<p>Menzioniamo inoltre anche le ricerche su temi che riguardano i <a href=\"https:\/\/sites.google.com\/a\/unipi.it\/pisa-theory-group\/research\/mathematical-physics-foundations-of-quantum-physics\">fondamenti della fisica quantistica e matematica<\/a>, nonch\u00e9 la <a href=\"https:\/\/sites.google.com\/a\/unipi.it\/pisa-theory-group\/research\/history-of-physics\">storia della fisica<\/a>, in particolare il primo dizionario biografico dei fisici italiani, le statistiche storiche della docenza universitaria, le attivit\u00e0 di ricerca di fisici legati a Pisa.<\/p>\n\n\n\n<p>Il nostro progetto di sviluppo per i prossimi anni intende favorire la crescita di quelle linee di ricerca che mostrano maggiori potenzialit\u00e0. Tutto questo dovr\u00e0 avvenire mantenendo un certo equilibrio, per garantire uno spettro sufficientemente ampio di competenze, che \u00e8 una condizione necessaria per garantire una formazione universitaria completa ai nostri studenti.<\/p>\n\n\n\n<p>Maggiori dettagli sulla ricerca dei componenti dell&#8217;area di Fisica Teorica che lavorano all&#8217;interno dell\u2019Area Pontecorvo, afferenti sia all&#8217;Universit\u00e0 che all&#8217;<a href=\"https:\/\/www.pi.infn.it\/?page_id=2256\">INFN<\/a>, si trovano nelle pagine web: <a href=\"https:\/\/sites.google.com\/a\/unipi.it\/pisa-theory-group\/\">https:\/\/sites.google.com\/a\/unipi.it\/pisa-theory-group\/<\/a>, contenenti una descrizione aggiornata delle attivit\u00e0. Sono inclusi i link (open access) a tutte le pubblicazioni scientifiche, in particolare alle pi\u00f9 recenti.<\/p>\n","protected":false},"excerpt":{"rendered":"<p>L\u2019attivit\u00e0 di ricerca dell&#8217;area teorica all&#8217;interno del Dipartimento di Fisica \u00e8 essenzialmente finalizzata allo sviluppo delle idee fondamentali della fisica&hellip;<\/p>\n<p><a class=\"btn btn-dark btn-sm unipi-read-more-link\" href=\"https:\/\/www.df.unipi.it\/ricerca\/aree-di-ricerca\/theoretical-physics\/\">Leggi tutto&#8230;<\/a><\/p>\n","protected":false},"author":1,"featured_media":0,"parent":622,"menu_order":0,"comment_status":"closed","ping_status":"closed","template":"","meta":{"_acf_changed":false,"footnotes":""},"class_list":["post-631","page","type-page","status-publish","hentry"],"acf":[],"yoast_head":"<!-- This site is optimized with the Yoast SEO plugin v27.3 - https:\/\/yoast.com\/product\/yoast-seo-wordpress\/ -->\n<title>Fisica Teorica - Dipartimento di Fisica - Unipi<\/title>\n<meta name=\"description\" content=\"Fisica Teorica: le attivit\u00e0 di ricerca svolte nel Dipartimento di Fisica dell&#039;Universit\u00e0 di Pisa.\" \/>\n<meta name=\"robots\" content=\"index, follow, max-snippet:-1, max-image-preview:large, max-video-preview:-1\" \/>\n<link rel=\"canonical\" href=\"https:\/\/www.df.unipi.it\/ricerca\/aree-di-ricerca\/theoretical-physics\/\" \/>\n<meta property=\"og:locale\" content=\"it_IT\" \/>\n<meta property=\"og:type\" content=\"article\" \/>\n<meta property=\"og:title\" content=\"Fisica Teorica - Dipartimento di Fisica - Unipi\" \/>\n<meta property=\"og:description\" content=\"Fisica Teorica: le attivit\u00e0 di ricerca svolte nel Dipartimento di Fisica dell&#039;Universit\u00e0 di Pisa.\" \/>\n<meta property=\"og:url\" content=\"https:\/\/www.df.unipi.it\/ricerca\/aree-di-ricerca\/theoretical-physics\/\" \/>\n<meta property=\"og:site_name\" content=\"Ricerca\" \/>\n<meta property=\"article:modified_time\" content=\"2023-04-18T14:16:07+00:00\" \/>\n<meta property=\"og:image\" content=\"https:\/\/www.df.unipi.it\/ricerca\/wp-content\/uploads\/sites\/6\/2023\/03\/20-1110x545.webp\" \/>\n<meta name=\"twitter:card\" content=\"summary_large_image\" \/>\n<script type=\"application\/ld+json\" class=\"yoast-schema-graph\">{\"@context\":\"https:\\\/\\\/schema.org\",\"@graph\":[{\"@type\":\"WebPage\",\"@id\":\"https:\\\/\\\/www.df.unipi.it\\\/ricerca\\\/aree-di-ricerca\\\/theoretical-physics\\\/\",\"url\":\"https:\\\/\\\/www.df.unipi.it\\\/ricerca\\\/aree-di-ricerca\\\/theoretical-physics\\\/\",\"name\":\"Fisica Teorica - Dipartimento di Fisica - Unipi\",\"isPartOf\":{\"@id\":\"https:\\\/\\\/www.df.unipi.it\\\/ricerca\\\/#website\"},\"primaryImageOfPage\":{\"@id\":\"https:\\\/\\\/www.df.unipi.it\\\/ricerca\\\/aree-di-ricerca\\\/theoretical-physics\\\/#primaryimage\"},\"image\":{\"@id\":\"https:\\\/\\\/www.df.unipi.it\\\/ricerca\\\/aree-di-ricerca\\\/theoretical-physics\\\/#primaryimage\"},\"thumbnailUrl\":\"https:\\\/\\\/www.df.unipi.it\\\/ricerca\\\/wp-content\\\/uploads\\\/sites\\\/6\\\/2023\\\/03\\\/20-1110x545.webp\",\"datePublished\":\"2022-05-27T22:15:51+00:00\",\"dateModified\":\"2023-04-18T14:16:07+00:00\",\"description\":\"Fisica Teorica: le attivit\u00e0 di ricerca svolte nel Dipartimento di Fisica dell'Universit\u00e0 di Pisa.\",\"breadcrumb\":{\"@id\":\"https:\\\/\\\/www.df.unipi.it\\\/ricerca\\\/aree-di-ricerca\\\/theoretical-physics\\\/#breadcrumb\"},\"inLanguage\":\"it-IT\",\"potentialAction\":[{\"@type\":\"ReadAction\",\"target\":[\"https:\\\/\\\/www.df.unipi.it\\\/ricerca\\\/aree-di-ricerca\\\/theoretical-physics\\\/\"]}]},{\"@type\":\"ImageObject\",\"inLanguage\":\"it-IT\",\"@id\":\"https:\\\/\\\/www.df.unipi.it\\\/ricerca\\\/aree-di-ricerca\\\/theoretical-physics\\\/#primaryimage\",\"url\":\"https:\\\/\\\/www.df.unipi.it\\\/ricerca\\\/wp-content\\\/uploads\\\/sites\\\/6\\\/2023\\\/03\\\/20-1110x545.webp\",\"contentUrl\":\"https:\\\/\\\/www.df.unipi.it\\\/ricerca\\\/wp-content\\\/uploads\\\/sites\\\/6\\\/2023\\\/03\\\/20-1110x545.webp\"},{\"@type\":\"BreadcrumbList\",\"@id\":\"https:\\\/\\\/www.df.unipi.it\\\/ricerca\\\/aree-di-ricerca\\\/theoretical-physics\\\/#breadcrumb\",\"itemListElement\":[{\"@type\":\"ListItem\",\"position\":1,\"name\":\"Home\",\"item\":\"https:\\\/\\\/www.df.unipi.it\\\/ricerca\\\/\"},{\"@type\":\"ListItem\",\"position\":2,\"name\":\"Aree di ricerca\",\"item\":\"https:\\\/\\\/www.df.unipi.it\\\/ricerca\\\/aree-di-ricerca\\\/\"},{\"@type\":\"ListItem\",\"position\":3,\"name\":\"Fisica Teorica\"}]},{\"@type\":\"WebSite\",\"@id\":\"https:\\\/\\\/www.df.unipi.it\\\/ricerca\\\/#website\",\"url\":\"https:\\\/\\\/www.df.unipi.it\\\/ricerca\\\/\",\"name\":\"Ricerca\",\"description\":\"Dipartimento di Matematica - Universit\u00e0 di Pisa\",\"potentialAction\":[{\"@type\":\"SearchAction\",\"target\":{\"@type\":\"EntryPoint\",\"urlTemplate\":\"https:\\\/\\\/www.df.unipi.it\\\/ricerca\\\/?s={search_term_string}\"},\"query-input\":{\"@type\":\"PropertyValueSpecification\",\"valueRequired\":true,\"valueName\":\"search_term_string\"}}],\"inLanguage\":\"it-IT\"}]}<\/script>\n<!-- \/ Yoast SEO plugin. -->","yoast_head_json":{"title":"Fisica Teorica - Dipartimento di Fisica - Unipi","description":"Fisica Teorica: le attivit\u00e0 di ricerca svolte nel Dipartimento di Fisica dell'Universit\u00e0 di Pisa.","robots":{"index":"index","follow":"follow","max-snippet":"max-snippet:-1","max-image-preview":"max-image-preview:large","max-video-preview":"max-video-preview:-1"},"canonical":"https:\/\/www.df.unipi.it\/ricerca\/aree-di-ricerca\/theoretical-physics\/","og_locale":"it_IT","og_type":"article","og_title":"Fisica Teorica - Dipartimento di Fisica - Unipi","og_description":"Fisica Teorica: le attivit\u00e0 di ricerca svolte nel Dipartimento di Fisica dell'Universit\u00e0 di Pisa.","og_url":"https:\/\/www.df.unipi.it\/ricerca\/aree-di-ricerca\/theoretical-physics\/","og_site_name":"Ricerca","article_modified_time":"2023-04-18T14:16:07+00:00","og_image":[{"url":"https:\/\/www.df.unipi.it\/ricerca\/wp-content\/uploads\/sites\/6\/2023\/03\/20-1110x545.webp","type":"","width":"","height":""}],"twitter_card":"summary_large_image","schema":{"@context":"https:\/\/schema.org","@graph":[{"@type":"WebPage","@id":"https:\/\/www.df.unipi.it\/ricerca\/aree-di-ricerca\/theoretical-physics\/","url":"https:\/\/www.df.unipi.it\/ricerca\/aree-di-ricerca\/theoretical-physics\/","name":"Fisica Teorica - Dipartimento di Fisica - Unipi","isPartOf":{"@id":"https:\/\/www.df.unipi.it\/ricerca\/#website"},"primaryImageOfPage":{"@id":"https:\/\/www.df.unipi.it\/ricerca\/aree-di-ricerca\/theoretical-physics\/#primaryimage"},"image":{"@id":"https:\/\/www.df.unipi.it\/ricerca\/aree-di-ricerca\/theoretical-physics\/#primaryimage"},"thumbnailUrl":"https:\/\/www.df.unipi.it\/ricerca\/wp-content\/uploads\/sites\/6\/2023\/03\/20-1110x545.webp","datePublished":"2022-05-27T22:15:51+00:00","dateModified":"2023-04-18T14:16:07+00:00","description":"Fisica Teorica: le attivit\u00e0 di ricerca svolte nel Dipartimento di Fisica dell'Universit\u00e0 di Pisa.","breadcrumb":{"@id":"https:\/\/www.df.unipi.it\/ricerca\/aree-di-ricerca\/theoretical-physics\/#breadcrumb"},"inLanguage":"it-IT","potentialAction":[{"@type":"ReadAction","target":["https:\/\/www.df.unipi.it\/ricerca\/aree-di-ricerca\/theoretical-physics\/"]}]},{"@type":"ImageObject","inLanguage":"it-IT","@id":"https:\/\/www.df.unipi.it\/ricerca\/aree-di-ricerca\/theoretical-physics\/#primaryimage","url":"https:\/\/www.df.unipi.it\/ricerca\/wp-content\/uploads\/sites\/6\/2023\/03\/20-1110x545.webp","contentUrl":"https:\/\/www.df.unipi.it\/ricerca\/wp-content\/uploads\/sites\/6\/2023\/03\/20-1110x545.webp"},{"@type":"BreadcrumbList","@id":"https:\/\/www.df.unipi.it\/ricerca\/aree-di-ricerca\/theoretical-physics\/#breadcrumb","itemListElement":[{"@type":"ListItem","position":1,"name":"Home","item":"https:\/\/www.df.unipi.it\/ricerca\/"},{"@type":"ListItem","position":2,"name":"Aree di ricerca","item":"https:\/\/www.df.unipi.it\/ricerca\/aree-di-ricerca\/"},{"@type":"ListItem","position":3,"name":"Fisica Teorica"}]},{"@type":"WebSite","@id":"https:\/\/www.df.unipi.it\/ricerca\/#website","url":"https:\/\/www.df.unipi.it\/ricerca\/","name":"Ricerca","description":"Dipartimento di Matematica - Universit\u00e0 di Pisa","potentialAction":[{"@type":"SearchAction","target":{"@type":"EntryPoint","urlTemplate":"https:\/\/www.df.unipi.it\/ricerca\/?s={search_term_string}"},"query-input":{"@type":"PropertyValueSpecification","valueRequired":true,"valueName":"search_term_string"}}],"inLanguage":"it-IT"}]}},"jetpack_sharing_enabled":true,"publishpress_future_action":{"enabled":false,"date":"2026-04-16 04:42:19","action":"change-status","newStatus":"draft","terms":[],"taxonomy":"translation_priority","extraData":[]},"publishpress_future_workflow_manual_trigger":{"enabledWorkflows":[]},"_links":{"self":[{"href":"https:\/\/www.df.unipi.it\/ricerca\/wp-json\/wp\/v2\/pages\/631","targetHints":{"allow":["GET"]}}],"collection":[{"href":"https:\/\/www.df.unipi.it\/ricerca\/wp-json\/wp\/v2\/pages"}],"about":[{"href":"https:\/\/www.df.unipi.it\/ricerca\/wp-json\/wp\/v2\/types\/page"}],"author":[{"embeddable":true,"href":"https:\/\/www.df.unipi.it\/ricerca\/wp-json\/wp\/v2\/users\/1"}],"replies":[{"embeddable":true,"href":"https:\/\/www.df.unipi.it\/ricerca\/wp-json\/wp\/v2\/comments?post=631"}],"version-history":[{"count":17,"href":"https:\/\/www.df.unipi.it\/ricerca\/wp-json\/wp\/v2\/pages\/631\/revisions"}],"predecessor-version":[{"id":1923,"href":"https:\/\/www.df.unipi.it\/ricerca\/wp-json\/wp\/v2\/pages\/631\/revisions\/1923"}],"up":[{"embeddable":true,"href":"https:\/\/www.df.unipi.it\/ricerca\/wp-json\/wp\/v2\/pages\/622"}],"wp:attachment":[{"href":"https:\/\/www.df.unipi.it\/ricerca\/wp-json\/wp\/v2\/media?parent=631"}],"curies":[{"name":"wp","href":"https:\/\/api.w.org\/{rel}","templated":true}]}}