{"id":1638,"date":"2026-02-10T11:29:03","date_gmt":"2026-02-10T10:29:03","guid":{"rendered":"https:\/\/www.df.unipi.it\/terza-missione\/?page_id=1638"},"modified":"2026-02-10T11:46:59","modified_gmt":"2026-02-10T10:46:59","slug":"public-engagement","status":"publish","type":"page","link":"https:\/\/www.df.unipi.it\/terza-missione\/public-engagement\/","title":{"rendered":"Public Engagement"},"content":{"rendered":"\n<p>Il Public Engagement esprime l\u2019impegno del dipartimento a mantenere un dialogo aperto, continuo e costruttivo con la societ\u00e0. Attraverso iniziative culturali, educative e sociali, senza finalit\u00e0 di lucro, l\u2019Universit\u00e0 di Pisa mette a disposizione conoscenze, competenze e creativit\u00e0 per sostenere lo sviluppo culturale, economico e sociale della comunit\u00e0, coinvolgendo un pubblico ampio e non accademico.<\/p>\n\n\n\n<div class=\"wp-block-buttons is-layout-flex wp-block-buttons-is-layout-flex\">\n<div class=\"wp-block-button\"><a class=\"wp-block-button__link wp-element-button\" href=\"https:\/\/www.df.unipi.it\/terza-missione\/iniziative-e-attivita-del-personale\/\">Scopri le iniziative e le attivit\u00e0 del personale del Dipartimento di Fisica<\/a><\/div>\n\n\n\n<div class=\"wp-block-button\"><a class=\"wp-block-button__link wp-element-button\" href=\"https:\/\/www.df.unipi.it\/terza-missione\/category\/eventi\/\">Scopri gli eventi del Dipartimento di Fisica<\/a><\/div>\n<\/div>\n\n\n\n<hr class=\"wp-block-separator has-alpha-channel-opacity my-5\"\/>\n\n\n\n<h2 class=\"wp-block-heading mt-0\">SciQ-Art<\/h2>\n\n\n\n<p><strong>Quantum Pills:<\/strong><\/p>\n\n\n\n<ol class=\"wp-block-list\">\n<li>Quantum physics: <a href=\"https:\/\/youtu.be\/QgbePULUkdM\" target=\"_blank\" rel=\"noreferrer noopener\"><u>https:\/\/youtu.be\/QgbePULUkdM<\/u><\/a><\/li>\n\n\n\n<li>(Superposition and) Entanglement: <a href=\"https:\/\/youtu.be\/PALejlt45QI\" target=\"_blank\" rel=\"noreferrer noopener\"><u>https:\/\/youtu.be\/PALejlt45QI<\/u><\/a><\/li>\n\n\n\n<li>Heisenberg principle: <a href=\"https:\/\/youtu.be\/7A5dNqHdJ0k\" target=\"_blank\" rel=\"noreferrer noopener\"><u>https:\/\/youtu.be\/7A5dNqHdJ0k<\/u><\/a><\/li>\n\n\n\n<li>The Road to Quantum Technologies: <a href=\"https:\/\/m.youtube.com\/watch?v=UfRyaXVTJMc\" target=\"_blank\" rel=\"noreferrer noopener\"><u>https:\/\/m.youtube.com\/watch?v=UfRyaXVTJMc<\/u><\/a><\/li>\n<\/ol>\n\n\n\n<p><strong>Quantum Jungle:<\/strong> <a href=\"https:\/\/youtu.be\/wVyXlEGx6rw\">https:\/\/youtu.be\/wVyXlEGx6rw<\/a><\/p>\n\n\n\n<p><strong>Video della Quantum Jungle sui media:<\/strong><\/p>\n\n\n\n<p><strong>Qubit dance<\/strong>: <a href=\"https:\/\/www.youtube.com\/watch?v=lymVxpu5kbE\" target=\"_blank\" rel=\"noreferrer noopener\"><u>https:\/\/www.youtube.com\/watch?v=lymVxpu5kbE<\/u><\/a><\/p>\n\n\n\n<p><strong>Video della Qubit dance sui media: <\/strong><a href=\"https:\/\/www.rainews.it\/tgr\/piemonte\/video\/2025\/04\/danza-quantistica-fisica-universita-pisa-infn-5b0c1005-58ba-460e-9e48-80957364804e.html?wt_mc=2.www.wzp.rainews\" target=\"_blank\" rel=\"noreferrer noopener\">RaiNews<\/a>&nbsp;, <a href=\"https:\/\/media.datastampa.it\/media\/20250414\/20250414-RAI_3-TGR_TOSCANA_1930-214312956m.mp4.html\" target=\"_blank\" rel=\"noreferrer noopener\">TGR TOSCANA<\/a>&nbsp;, <a href=\"https:\/\/video.corriere.it\/cronaca\/la-fisica-quantistica-spiegata-ballando-a-pisa-va-in-scena-la-qua\u2026\" target=\"_blank\" rel=\"noreferrer noopener\">CORRIERE<\/a><\/p>\n\n\n\n<figure class=\"wp-block-embed is-type-video is-provider-youtube wp-block-embed-youtube\"><div class=\"wp-block-embed__wrapper\">\n<div class=\"jetpack-video-wrapper\"><div class=\"container-lazyload preview-lazyload container-youtube js-lazyload--not-loaded\"><a href=\"https:\/\/www.youtube.com\/watch?v=QgbePULUkdM\" class=\"lazy-load-youtube preview-lazyload preview-youtube\" data-video-title=\"Quantum Pills #0 - Quantum Physics\" title=\"Play video &quot;Quantum Pills #0 - Quantum Physics&quot;\">https:\/\/www.youtube.com\/watch?v=QgbePULUkdM<\/a><noscript>Video can&#8217;t be loaded because JavaScript is disabled: <a href=\"https:\/\/www.youtube.com\/watch?v=QgbePULUkdM\" title=\"Quantum Pills #0 - Quantum Physics\">Quantum Pills #0 &#8211; Quantum Physics (https:\/\/www.youtube.com\/watch?v=QgbePULUkdM)<\/a><\/noscript><\/div><\/div>\n<\/div><\/figure>\n\n\n\n<p><\/p>\n","protected":false},"excerpt":{"rendered":"<p>Il Public Engagement esprime l\u2019impegno del dipartimento a mantenere un dialogo aperto, continuo e costruttivo con la societ\u00e0. Attraverso iniziative&hellip;<\/p>\n<p><a class=\"btn btn-dark btn-sm unipi-read-more-link\" href=\"https:\/\/www.df.unipi.it\/terza-missione\/public-engagement\/\">Leggi tutto&#8230;<\/a><\/p>\n","protected":false},"author":1,"featured_media":0,"parent":0,"menu_order":0,"comment_status":"closed","ping_status":"closed","template":"","meta":{"_acf_changed":false,"footnotes":""},"class_list":["post-1638","page","type-page","status-publish","hentry"],"acf":[],"yoast_head":"<!-- This site is optimized with the Yoast SEO plugin v27.3 - https:\/\/yoast.com\/product\/yoast-seo-wordpress\/ -->\n<title>Public Engagement - Terza missione<\/title>\n<meta name=\"robots\" content=\"index, follow, max-snippet:-1, max-image-preview:large, max-video-preview:-1\" \/>\n<link rel=\"canonical\" href=\"https:\/\/www.df.unipi.it\/terza-missione\/public-engagement\/\" \/>\n<meta property=\"og:locale\" content=\"it_IT\" \/>\n<meta property=\"og:type\" content=\"article\" \/>\n<meta property=\"og:title\" content=\"Public Engagement - Terza missione\" \/>\n<meta property=\"og:description\" content=\"Il Public Engagement esprime l\u2019impegno del dipartimento a mantenere un dialogo aperto, continuo e costruttivo con la societ\u00e0. Attraverso iniziative&hellip;Leggi tutto...\" \/>\n<meta property=\"og:url\" content=\"https:\/\/www.df.unipi.it\/terza-missione\/public-engagement\/\" \/>\n<meta property=\"og:site_name\" content=\"Terza missione\" \/>\n<meta property=\"article:modified_time\" content=\"2026-02-10T10:46:59+00:00\" \/>\n<meta name=\"twitter:card\" content=\"summary_large_image\" \/>\n<meta name=\"twitter:label1\" content=\"Tempo di lettura stimato\" \/>\n\t<meta name=\"twitter:data1\" content=\"1 minuto\" \/>\n<script type=\"application\/ld+json\" class=\"yoast-schema-graph\">{\"@context\":\"https:\\\/\\\/schema.org\",\"@graph\":[{\"@type\":\"WebPage\",\"@id\":\"https:\\\/\\\/www.df.unipi.it\\\/terza-missione\\\/public-engagement\\\/\",\"url\":\"https:\\\/\\\/www.df.unipi.it\\\/terza-missione\\\/public-engagement\\\/\",\"name\":\"Public Engagement - Terza missione\",\"isPartOf\":{\"@id\":\"https:\\\/\\\/www.df.unipi.it\\\/terza-missione\\\/#website\"},\"datePublished\":\"2026-02-10T10:29:03+00:00\",\"dateModified\":\"2026-02-10T10:46:59+00:00\",\"breadcrumb\":{\"@id\":\"https:\\\/\\\/www.df.unipi.it\\\/terza-missione\\\/public-engagement\\\/#breadcrumb\"},\"inLanguage\":\"it-IT\",\"potentialAction\":[{\"@type\":\"ReadAction\",\"target\":[\"https:\\\/\\\/www.df.unipi.it\\\/terza-missione\\\/public-engagement\\\/\"]}]},{\"@type\":\"BreadcrumbList\",\"@id\":\"https:\\\/\\\/www.df.unipi.it\\\/terza-missione\\\/public-engagement\\\/#breadcrumb\",\"itemListElement\":[{\"@type\":\"ListItem\",\"position\":1,\"name\":\"Home\",\"item\":\"https:\\\/\\\/www.df.unipi.it\\\/terza-missione\\\/\"},{\"@type\":\"ListItem\",\"position\":2,\"name\":\"Public Engagement\"}]},{\"@type\":\"WebSite\",\"@id\":\"https:\\\/\\\/www.df.unipi.it\\\/terza-missione\\\/#website\",\"url\":\"https:\\\/\\\/www.df.unipi.it\\\/terza-missione\\\/\",\"name\":\"Terza missione\",\"description\":\"Dipartimento di Matematica - Universit\u00e0 di Pisa\",\"potentialAction\":[{\"@type\":\"SearchAction\",\"target\":{\"@type\":\"EntryPoint\",\"urlTemplate\":\"https:\\\/\\\/www.df.unipi.it\\\/terza-missione\\\/?s={search_term_string}\"},\"query-input\":{\"@type\":\"PropertyValueSpecification\",\"valueRequired\":true,\"valueName\":\"search_term_string\"}}],\"inLanguage\":\"it-IT\"}]}<\/script>\n<!-- \/ Yoast SEO plugin. -->","yoast_head_json":{"title":"Public Engagement - Terza missione","robots":{"index":"index","follow":"follow","max-snippet":"max-snippet:-1","max-image-preview":"max-image-preview:large","max-video-preview":"max-video-preview:-1"},"canonical":"https:\/\/www.df.unipi.it\/terza-missione\/public-engagement\/","og_locale":"it_IT","og_type":"article","og_title":"Public Engagement - Terza missione","og_description":"Il Public Engagement esprime l\u2019impegno del dipartimento a mantenere un dialogo aperto, continuo e costruttivo con la societ\u00e0. Attraverso iniziative&hellip;Leggi tutto...","og_url":"https:\/\/www.df.unipi.it\/terza-missione\/public-engagement\/","og_site_name":"Terza missione","article_modified_time":"2026-02-10T10:46:59+00:00","twitter_card":"summary_large_image","twitter_misc":{"Tempo di lettura stimato":"1 minuto"},"schema":{"@context":"https:\/\/schema.org","@graph":[{"@type":"WebPage","@id":"https:\/\/www.df.unipi.it\/terza-missione\/public-engagement\/","url":"https:\/\/www.df.unipi.it\/terza-missione\/public-engagement\/","name":"Public Engagement - Terza missione","isPartOf":{"@id":"https:\/\/www.df.unipi.it\/terza-missione\/#website"},"datePublished":"2026-02-10T10:29:03+00:00","dateModified":"2026-02-10T10:46:59+00:00","breadcrumb":{"@id":"https:\/\/www.df.unipi.it\/terza-missione\/public-engagement\/#breadcrumb"},"inLanguage":"it-IT","potentialAction":[{"@type":"ReadAction","target":["https:\/\/www.df.unipi.it\/terza-missione\/public-engagement\/"]}]},{"@type":"BreadcrumbList","@id":"https:\/\/www.df.unipi.it\/terza-missione\/public-engagement\/#breadcrumb","itemListElement":[{"@type":"ListItem","position":1,"name":"Home","item":"https:\/\/www.df.unipi.it\/terza-missione\/"},{"@type":"ListItem","position":2,"name":"Public Engagement"}]},{"@type":"WebSite","@id":"https:\/\/www.df.unipi.it\/terza-missione\/#website","url":"https:\/\/www.df.unipi.it\/terza-missione\/","name":"Terza missione","description":"Dipartimento di Matematica - Universit\u00e0 di Pisa","potentialAction":[{"@type":"SearchAction","target":{"@type":"EntryPoint","urlTemplate":"https:\/\/www.df.unipi.it\/terza-missione\/?s={search_term_string}"},"query-input":{"@type":"PropertyValueSpecification","valueRequired":true,"valueName":"search_term_string"}}],"inLanguage":"it-IT"}]}},"jetpack_sharing_enabled":true,"publishpress_future_action":{"enabled":false,"date":"2026-04-16 07:18:51","action":"change-status","newStatus":"draft","terms":[],"taxonomy":"translation_priority","extraData":[]},"publishpress_future_workflow_manual_trigger":{"enabledWorkflows":[]},"_links":{"self":[{"href":"https:\/\/www.df.unipi.it\/terza-missione\/wp-json\/wp\/v2\/pages\/1638","targetHints":{"allow":["GET"]}}],"collection":[{"href":"https:\/\/www.df.unipi.it\/terza-missione\/wp-json\/wp\/v2\/pages"}],"about":[{"href":"https:\/\/www.df.unipi.it\/terza-missione\/wp-json\/wp\/v2\/types\/page"}],"author":[{"embeddable":true,"href":"https:\/\/www.df.unipi.it\/terza-missione\/wp-json\/wp\/v2\/users\/1"}],"replies":[{"embeddable":true,"href":"https:\/\/www.df.unipi.it\/terza-missione\/wp-json\/wp\/v2\/comments?post=1638"}],"version-history":[{"count":9,"href":"https:\/\/www.df.unipi.it\/terza-missione\/wp-json\/wp\/v2\/pages\/1638\/revisions"}],"predecessor-version":[{"id":1660,"href":"https:\/\/www.df.unipi.it\/terza-missione\/wp-json\/wp\/v2\/pages\/1638\/revisions\/1660"}],"wp:attachment":[{"href":"https:\/\/www.df.unipi.it\/terza-missione\/wp-json\/wp\/v2\/media?parent=1638"}],"curies":[{"name":"wp","href":"https:\/\/api.w.org\/{rel}","templated":true}]}}