{"id":1656,"date":"2026-02-10T11:46:42","date_gmt":"2026-02-10T10:46:42","guid":{"rendered":"https:\/\/www.df.unipi.it\/terza-missione\/?page_id=1656"},"modified":"2026-02-10T11:52:18","modified_gmt":"2026-02-10T10:52:18","slug":"prof-maria-luisa-chiofalo","status":"publish","type":"page","link":"https:\/\/www.df.unipi.it\/terza-missione\/iniziative-e-attivita-del-personale\/prof-maria-luisa-chiofalo\/","title":{"rendered":"Prof. Maria Luisa Chiofalo"},"content":{"rendered":"\n<p><strong><u>TEDx and similar:<\/u><\/strong><\/p>\n\n\n\n<ol class=\"wp-block-list\">\n<li><strong>TEDx Lucca, Novembre 2024 &#8220;Un&#8217;Intelligenza Artificiale Quantistica per Contare senza Contare&#8221;: <\/strong><a href=\"https:\/\/youtu.be\/LH8oQMewHx0?si=yNOpVYRmPYL5Ti1e\" target=\"_blank\" rel=\"noreferrer noopener\">https:\/\/youtu.be\/LH8oQMewHx0?si=yNOpVYRmPYL5Ti1e<\/a>&nbsp;<\/li>\n\n\n\n<li><strong>In\/Disciplinata: <\/strong><a href=\"https:\/\/youtu.be\/cDbJLFyAzZI?si=ZXYPUqXbS-IS-WhU\" target=\"_blank\" rel=\"noreferrer noopener\">https:\/\/youtu.be\/cDbJLFyAzZI?si=ZXYPUqXbS-IS-WhU<\/a>&nbsp;<\/li>\n<\/ol>\n\n\n\n<p><strong>Panels<\/strong><\/p>\n\n\n\n<p>&#8220;L&#8217;intelligenza nascosta: la Scuola. le differenze, le STEM&#8221; di e con Maril\u00f9 Chiofalo, e Gianna Mazzini e Giovanna Galletti, fondatrici di Labodif. Destinato a docenti e dirigenti di Istituti scolastici di ogni ordine e grado. Stati Generali della Scuola Digitale, Bergamo, Italia, 5-6 Dicembre 2022. &nbsp;<a href=\"https:\/\/www.youtube.com\/watch?v=vmIhi5Aleho\" rel=\"noreferrer noopener\" target=\"_blank\"><u>https:\/\/www.youtube.com\/watch?v=vmIhi5Aleho<\/u><\/a><\/p>\n\n\n\n<p>&#8220;Parola autorevole. La Facolt\u00e0 di suscitare l&#8217;attenzione&#8221; di e con Maril\u00f9 Chiofalo, e Gianna Mazzini e Giovanna Galletti, fondatrici di Labodif. Destinato a docenti e dirigenti di Istituti scolastici di ogni ordine e grado. Panel agli Stati Generali della Scuola Digitale, Bergamo, 25 Novembre 2023. <a href=\"https:\/\/www.youtube.com\/watch?v=6P4fGFdogq0\" rel=\"noreferrer noopener\" target=\"_blank\">https:\/\/www.youtube.com\/watch?v=6P4fGFdogq0<\/a>&nbsp;<\/p>\n\n\n\n<p>\u201cC\u2019era una volta: l\u2019educazione al tempo di neuroscienze e tecnologie. Quattro scienziate raccontano\u201d di e con Maril\u00f9 Chiofalo, Teresa Farroni, Daniela Lucangeli e Concetta Morrone. Destinato a docenti e dirigenti di Istituti scolastici di ogni ordine e grado.&nbsp;Panel agli Stati Generali della Scuola Digitale 2025. Bergamo, 22 Febbraio 2025 <a href=\"https:\/\/www.youtube.com\/watch?v=7YCXVS1Rtvs\" rel=\"noreferrer noopener\" target=\"_blank\"><strong>https:\/\/www.youtube.com\/watch?v=7YCXVS1Rtvs<\/strong><\/a><strong>&nbsp;.<\/strong>&nbsp;Intervista sull&#8217;evento:<a href=\"https:\/\/www.youtube.com\/watch?v=HXNL4Qm4Zos\" rel=\"noreferrer noopener\" target=\"_blank\"><strong>https:\/\/www.youtube.com\/watch?v=HXNL4Qm4Zos<\/strong><\/a><\/p>\n\n\n\n<p>&#8220;La postura di una donna. Le soluzioni incredibili per ricordarci che l\u2019unit\u00e0 di misura del mondo non \u00e8 solo maschile&#8221; Con Maril\u00f9 Chiofalo, Gianna Mazzini (Labodif) e Giovanna Galletti (Labodif), e con \u00a0Enza Pellecchia (docente e prorettrice UNIPI), Silvia Jop (antropologa), Lia Belli (avvocata), intervistate da Valentina Santarpia (Corriere della Sera). Evento su invito a Il tempo delle donne. Organizzato da RCS-Corriere della Sera. Milano 14 Settembre 2024. \u00a0<a href=\"https:\/\/video.corriere.it\/la27ora\/tempo-delle-donne-2024\/donne-lavoro-come-si-cambia-postura-ricett\u2026\" target=\"_blank\" rel=\"noreferrer noopener\">Corriere<\/a><\/p>\n\n\n\n<p>Panel \u201cCome rendere le donne parte di un futuro che sar\u00e0 sempre pi\u00f9 tecnologico: focus nel mondo della Sanit\u00e0\u201d, nel Convegno \u201cIl Digital Gender Gap &#8211; nella cultura del digitale in Sanit\u00e0\u201d, iniziativa della Senatrice Sandra Zampa organizzato con la Commissione Donne dell\u2019Associazione Scientifica Sanit\u00e0 Digitale <a href=\"https:\/\/www.radioradicale.it\/scheda\/743892\/ll-digital-gender-gap-nella-cultura-del-digitale-in-sanita\" target=\"_blank\" rel=\"noreferrer noopener\">Radio Radicale<\/a>\u00a0<\/p>\n\n\n\n<p><strong>Interviste radio, video, cartacee\/web:<\/strong><\/p>\n\n\n\n<p><strong>Carta\/Web<\/strong><\/p>\n\n\n\n<p><strong>Maril\u00f9 Chiofalo, Women in Quantum \u2013 Intervista, Comm. Physics 8 371 &nbsp;(2025)<\/strong><\/p>\n\n\n\n<p><a href=\"https:\/\/www.nature.com\/articles\/s42005-025-02308-6\">https:\/\/www.nature.com\/articles\/s42005-025-02308-6<\/a><br><a href=\"https:\/\/doi.org\/10.1038\/s42005-025-02308-6\">https:\/\/doi.org\/10.1038\/s42005-025-02308-6<\/a><\/p>\n\n\n\n<p><strong>Maril\u00f9 Chiofalo, &#8220;Da scienziata mescolo saperi e in-disciplina. Gli enigmi della vita si affrontano cos\u00ec&#8221;.<\/strong>&nbsp;Intervista a cura di Cristina Pozzi. Sette del Corriere della Sera. 3 Ottobre 2025. [File in allegato]<\/p>\n\n\n\n<p><strong>Maril\u00f9 Chiofalo e Sabrina Maniscalco, intervista a cura di Atom*Innen:<\/strong>&nbsp;\u201cW4Q-a fundamental shift for quantum\u201d <a href=\"https:\/\/atominnen.at\/empower\/interviews\/323-w4q\" rel=\"noreferrer noopener\" target=\"_blank\"><u>https:\/\/atominnen.at\/empower\/interviews\/323-w4q<\/u><\/a>&nbsp;2024.<\/p>\n\n\n\n<p><strong><u>Radio\/podcast<\/u><\/strong><\/p>\n\n\n\n<p><strong>Maril\u00f9 Chiofalo e Giovanni Organtini<\/strong>, intervista a \u201cL\u2019Italia in Diretta\u201d sulla didattica della fisica e della chimica, in occasione dell\u2019omonimo convegno dell\u2019Accademia dei Lincei-Fondazione Lincei per la Scuola, a cura di Viviana Verbaro. RAI Radio 1, 5 Settembre 2025&nbsp;<\/p>\n\n\n\n<p><a href=\"https:\/\/www.raiplaysound.it\/audio\/2025\/09\/LItalia-in-diretta-del-04092025-3e2fb9a6-e231-41f6-979b-1\u2026\">RayPlay<\/a><\/p>\n\n\n\n<p><strong>Ana Predojevic, Costanza Toninelli e Maril\u00f9 Chiofalo<\/strong>&nbsp;intervistate da Julie Gould e Matteo Rini, podcast su PRX in occasione dell\u2019International Year of Quantum, a proposito di Women for Quantum &nbsp;<a href=\"https:\/\/physics.aps.org\/articles\/v18\/92\" rel=\"noreferrer noopener\" target=\"_blank\">https:\/\/physics.aps.org\/articles\/v18\/92<\/a>&nbsp;<\/p>\n\n\n\n<p><strong>Altri eventi<\/strong><\/p>\n\n\n\n<p><strong>\u201cGalileo sotto la Torre pendente: l\u2019esperimento che Galileo non ha mai fatto (e perch\u00e9)\u201d di e con Maril\u00f9 Chiofalo, Steve Shore, \u00a0Luca Biagiotti e Federico Guerri (Teatro di Pisa) in collaborazione con l\u2019Opera Primaziale Pisana e l\u2019Arcivescovo di Pisa. (Ottobre 2019) <\/strong><a href=\"https:\/\/www.iltirreno.it\/tempo-libero\/2019\/10\/24\/news\/scienza-e-spettacolo-galileo-sotto-la-torre-dimostra-la-teoria-della-caduta-dei-gravi-1.37784233\" target=\"_blank\" rel=\"noreferrer noopener\">Il Tirreno<\/a><\/p>\n\n\n\n<div class=\"wp-block-file\"><a id=\"wp-block-file--media-69e3a15f-cbba-46ab-87cd-4c241de12335\" href=\"https:\/\/www.df.unipi.it\/terza-missione\/wp-content\/uploads\/sites\/7\/2026\/02\/Sette.pdf\">DA SCIENZIATA MESCOLO SAPERI E IN-DISCIPLINA GLI ENIGMI DELLA VITA SI AFFRONTANO COS\u00cc<br>Sette settimanale<\/a><a href=\"https:\/\/www.df.unipi.it\/terza-missione\/wp-content\/uploads\/sites\/7\/2026\/02\/Sette.pdf\" class=\"wp-block-file__button wp-element-button\" download aria-describedby=\"wp-block-file--media-69e3a15f-cbba-46ab-87cd-4c241de12335\">Download<\/a><\/div>\n","protected":false},"excerpt":{"rendered":"<p>TEDx and similar: Panels &#8220;L&#8217;intelligenza nascosta: la Scuola. le differenze, le STEM&#8221; di e con Maril\u00f9 Chiofalo, e Gianna Mazzini&hellip;<\/p>\n<p><a class=\"btn btn-dark btn-sm unipi-read-more-link\" href=\"https:\/\/www.df.unipi.it\/terza-missione\/iniziative-e-attivita-del-personale\/prof-maria-luisa-chiofalo\/\">Leggi tutto&#8230;<\/a><\/p>\n","protected":false},"author":1,"featured_media":0,"parent":1657,"menu_order":0,"comment_status":"closed","ping_status":"closed","template":"","meta":{"_acf_changed":false,"footnotes":""},"class_list":["post-1656","page","type-page","status-publish","hentry"],"acf":[],"yoast_head":"<!-- This site is optimized with the Yoast SEO plugin v27.4 - https:\/\/yoast.com\/product\/yoast-seo-wordpress\/ -->\n<title>Prof. Maria Luisa Chiofalo - Terza missione<\/title>\n<meta name=\"robots\" content=\"index, follow, max-snippet:-1, max-image-preview:large, max-video-preview:-1\" \/>\n<link rel=\"canonical\" href=\"https:\/\/www.df.unipi.it\/terza-missione\/iniziative-e-attivita-del-personale\/prof-maria-luisa-chiofalo\/\" \/>\n<meta property=\"og:locale\" content=\"it_IT\" \/>\n<meta property=\"og:type\" content=\"article\" \/>\n<meta property=\"og:title\" content=\"Prof. Maria Luisa Chiofalo - Terza missione\" \/>\n<meta property=\"og:description\" content=\"TEDx and similar: Panels &#8220;L&#8217;intelligenza nascosta: la Scuola. le differenze, le STEM&#8221; di e con Maril\u00f9 Chiofalo, e Gianna Mazzini&hellip;Leggi tutto...\" \/>\n<meta property=\"og:url\" content=\"https:\/\/www.df.unipi.it\/terza-missione\/iniziative-e-attivita-del-personale\/prof-maria-luisa-chiofalo\/\" \/>\n<meta property=\"og:site_name\" content=\"Terza missione\" \/>\n<meta property=\"article:modified_time\" content=\"2026-02-10T10:52:18+00:00\" \/>\n<meta name=\"twitter:card\" content=\"summary_large_image\" \/>\n<meta name=\"twitter:label1\" content=\"Tempo di lettura stimato\" \/>\n\t<meta name=\"twitter:data1\" content=\"3 minuti\" \/>\n<script type=\"application\/ld+json\" class=\"yoast-schema-graph\">{\"@context\":\"https:\\\/\\\/schema.org\",\"@graph\":[{\"@type\":\"WebPage\",\"@id\":\"https:\\\/\\\/www.df.unipi.it\\\/terza-missione\\\/iniziative-e-attivita-del-personale\\\/prof-maria-luisa-chiofalo\\\/\",\"url\":\"https:\\\/\\\/www.df.unipi.it\\\/terza-missione\\\/iniziative-e-attivita-del-personale\\\/prof-maria-luisa-chiofalo\\\/\",\"name\":\"Prof. Maria Luisa Chiofalo - Terza missione\",\"isPartOf\":{\"@id\":\"https:\\\/\\\/www.df.unipi.it\\\/terza-missione\\\/#website\"},\"datePublished\":\"2026-02-10T10:46:42+00:00\",\"dateModified\":\"2026-02-10T10:52:18+00:00\",\"breadcrumb\":{\"@id\":\"https:\\\/\\\/www.df.unipi.it\\\/terza-missione\\\/iniziative-e-attivita-del-personale\\\/prof-maria-luisa-chiofalo\\\/#breadcrumb\"},\"inLanguage\":\"it-IT\",\"potentialAction\":[{\"@type\":\"ReadAction\",\"target\":[\"https:\\\/\\\/www.df.unipi.it\\\/terza-missione\\\/iniziative-e-attivita-del-personale\\\/prof-maria-luisa-chiofalo\\\/\"]}]},{\"@type\":\"BreadcrumbList\",\"@id\":\"https:\\\/\\\/www.df.unipi.it\\\/terza-missione\\\/iniziative-e-attivita-del-personale\\\/prof-maria-luisa-chiofalo\\\/#breadcrumb\",\"itemListElement\":[{\"@type\":\"ListItem\",\"position\":1,\"name\":\"Home\",\"item\":\"https:\\\/\\\/www.df.unipi.it\\\/terza-missione\\\/\"},{\"@type\":\"ListItem\",\"position\":2,\"name\":\"Iniziative e attivit\u00e0 del personale\",\"item\":\"https:\\\/\\\/www.df.unipi.it\\\/terza-missione\\\/iniziative-e-attivita-del-personale\\\/\"},{\"@type\":\"ListItem\",\"position\":3,\"name\":\"Prof. Maria Luisa Chiofalo\"}]},{\"@type\":\"WebSite\",\"@id\":\"https:\\\/\\\/www.df.unipi.it\\\/terza-missione\\\/#website\",\"url\":\"https:\\\/\\\/www.df.unipi.it\\\/terza-missione\\\/\",\"name\":\"Terza missione\",\"description\":\"Dipartimento di Matematica - Universit\u00e0 di Pisa\",\"potentialAction\":[{\"@type\":\"SearchAction\",\"target\":{\"@type\":\"EntryPoint\",\"urlTemplate\":\"https:\\\/\\\/www.df.unipi.it\\\/terza-missione\\\/?s={search_term_string}\"},\"query-input\":{\"@type\":\"PropertyValueSpecification\",\"valueRequired\":true,\"valueName\":\"search_term_string\"}}],\"inLanguage\":\"it-IT\"}]}<\/script>\n<!-- \/ Yoast SEO plugin. -->","yoast_head_json":{"title":"Prof. Maria Luisa Chiofalo - Terza missione","robots":{"index":"index","follow":"follow","max-snippet":"max-snippet:-1","max-image-preview":"max-image-preview:large","max-video-preview":"max-video-preview:-1"},"canonical":"https:\/\/www.df.unipi.it\/terza-missione\/iniziative-e-attivita-del-personale\/prof-maria-luisa-chiofalo\/","og_locale":"it_IT","og_type":"article","og_title":"Prof. Maria Luisa Chiofalo - Terza missione","og_description":"TEDx and similar: Panels &#8220;L&#8217;intelligenza nascosta: la Scuola. le differenze, le STEM&#8221; di e con Maril\u00f9 Chiofalo, e Gianna Mazzini&hellip;Leggi tutto...","og_url":"https:\/\/www.df.unipi.it\/terza-missione\/iniziative-e-attivita-del-personale\/prof-maria-luisa-chiofalo\/","og_site_name":"Terza missione","article_modified_time":"2026-02-10T10:52:18+00:00","twitter_card":"summary_large_image","twitter_misc":{"Tempo di lettura stimato":"3 minuti"},"schema":{"@context":"https:\/\/schema.org","@graph":[{"@type":"WebPage","@id":"https:\/\/www.df.unipi.it\/terza-missione\/iniziative-e-attivita-del-personale\/prof-maria-luisa-chiofalo\/","url":"https:\/\/www.df.unipi.it\/terza-missione\/iniziative-e-attivita-del-personale\/prof-maria-luisa-chiofalo\/","name":"Prof. Maria Luisa Chiofalo - Terza missione","isPartOf":{"@id":"https:\/\/www.df.unipi.it\/terza-missione\/#website"},"datePublished":"2026-02-10T10:46:42+00:00","dateModified":"2026-02-10T10:52:18+00:00","breadcrumb":{"@id":"https:\/\/www.df.unipi.it\/terza-missione\/iniziative-e-attivita-del-personale\/prof-maria-luisa-chiofalo\/#breadcrumb"},"inLanguage":"it-IT","potentialAction":[{"@type":"ReadAction","target":["https:\/\/www.df.unipi.it\/terza-missione\/iniziative-e-attivita-del-personale\/prof-maria-luisa-chiofalo\/"]}]},{"@type":"BreadcrumbList","@id":"https:\/\/www.df.unipi.it\/terza-missione\/iniziative-e-attivita-del-personale\/prof-maria-luisa-chiofalo\/#breadcrumb","itemListElement":[{"@type":"ListItem","position":1,"name":"Home","item":"https:\/\/www.df.unipi.it\/terza-missione\/"},{"@type":"ListItem","position":2,"name":"Iniziative e attivit\u00e0 del personale","item":"https:\/\/www.df.unipi.it\/terza-missione\/iniziative-e-attivita-del-personale\/"},{"@type":"ListItem","position":3,"name":"Prof. Maria Luisa Chiofalo"}]},{"@type":"WebSite","@id":"https:\/\/www.df.unipi.it\/terza-missione\/#website","url":"https:\/\/www.df.unipi.it\/terza-missione\/","name":"Terza missione","description":"Dipartimento di Matematica - Universit\u00e0 di Pisa","potentialAction":[{"@type":"SearchAction","target":{"@type":"EntryPoint","urlTemplate":"https:\/\/www.df.unipi.it\/terza-missione\/?s={search_term_string}"},"query-input":{"@type":"PropertyValueSpecification","valueRequired":true,"valueName":"search_term_string"}}],"inLanguage":"it-IT"}]}},"jetpack_sharing_enabled":true,"publishpress_future_action":{"enabled":false,"date":"2026-04-27 08:56:14","action":"change-status","newStatus":"draft","terms":[],"taxonomy":"translation_priority","extraData":[]},"publishpress_future_workflow_manual_trigger":{"enabledWorkflows":[]},"_links":{"self":[{"href":"https:\/\/www.df.unipi.it\/terza-missione\/wp-json\/wp\/v2\/pages\/1656","targetHints":{"allow":["GET"]}}],"collection":[{"href":"https:\/\/www.df.unipi.it\/terza-missione\/wp-json\/wp\/v2\/pages"}],"about":[{"href":"https:\/\/www.df.unipi.it\/terza-missione\/wp-json\/wp\/v2\/types\/page"}],"author":[{"embeddable":true,"href":"https:\/\/www.df.unipi.it\/terza-missione\/wp-json\/wp\/v2\/users\/1"}],"replies":[{"embeddable":true,"href":"https:\/\/www.df.unipi.it\/terza-missione\/wp-json\/wp\/v2\/comments?post=1656"}],"version-history":[{"count":4,"href":"https:\/\/www.df.unipi.it\/terza-missione\/wp-json\/wp\/v2\/pages\/1656\/revisions"}],"predecessor-version":[{"id":1667,"href":"https:\/\/www.df.unipi.it\/terza-missione\/wp-json\/wp\/v2\/pages\/1656\/revisions\/1667"}],"up":[{"embeddable":true,"href":"https:\/\/www.df.unipi.it\/terza-missione\/wp-json\/wp\/v2\/pages\/1657"}],"wp:attachment":[{"href":"https:\/\/www.df.unipi.it\/terza-missione\/wp-json\/wp\/v2\/media?parent=1656"}],"curies":[{"name":"wp","href":"https:\/\/api.w.org\/{rel}","templated":true}]}}